{"id":270,"date":"2022-12-11T01:09:16","date_gmt":"2022-12-11T00:09:16","guid":{"rendered":"http:\/\/mhauss.com\/?page_id=270"},"modified":"2022-12-11T01:49:29","modified_gmt":"2022-12-11T00:49:29","slug":"courts-metrages","status":"publish","type":"page","link":"https:\/\/mhauss.com\/index.php\/courts-metrages\/","title":{"rendered":"Courts m\u00e9trages"},"content":{"rendered":"\n<p>R\u00e9alisations de courts m\u00e9trages&nbsp;:<br>\u00ab&nbsp;No\u00e9 No\u00e9&nbsp;\u00bb s\u00e9lectionn\u00e9 au festival d\u2019Annecy 2001<\/p>\n\n\n\n<figure class=\"wp-block-image size-large\"><img loading=\"lazy\" decoding=\"async\" width=\"1024\" height=\"440\" src=\"https:\/\/mhauss.com\/wp-content\/uploads\/2017\/10\/cropped-Video_mhauss_001-1024x440.jpg\" alt=\"\" class=\"wp-image-35\" srcset=\"https:\/\/mhauss.com\/wp-content\/uploads\/2017\/10\/cropped-Video_mhauss_001-1024x440.jpg 1024w, https:\/\/mhauss.com\/wp-content\/uploads\/2017\/10\/cropped-Video_mhauss_001-300x129.jpg 300w, https:\/\/mhauss.com\/wp-content\/uploads\/2017\/10\/cropped-Video_mhauss_001-768x330.jpg 768w, https:\/\/mhauss.com\/wp-content\/uploads\/2017\/10\/cropped-Video_mhauss_001.jpg 2000w\" sizes=\"auto, (max-width: 1024px) 100vw, 1024px\" \/><\/figure>\n\n\n\n<figure class=\"wp-block-embed is-type-video is-provider-youtube wp-block-embed-youtube wp-embed-aspect-4-3 wp-has-aspect-ratio\"><div class=\"wp-block-embed__wrapper\">\n<iframe loading=\"lazy\" title=\"No\u00e9 No\u00e9 Noah Noah on Vimeo\" width=\"500\" height=\"375\" src=\"https:\/\/www.youtube.com\/embed\/t9TH6MSFChk?start=77&#038;feature=oembed\" frameborder=\"0\" allow=\"accelerometer; autoplay; clipboard-write; encrypted-media; gyroscope; picture-in-picture; web-share\" referrerpolicy=\"strict-origin-when-cross-origin\" allowfullscreen><\/iframe>\n<\/div><\/figure>\n\n\n\n<figure class=\"wp-block-image size-full\"><img loading=\"lazy\" decoding=\"async\" width=\"960\" height=\"257\" src=\"https:\/\/mhauss.com\/wp-content\/uploads\/2017\/10\/mhauss_Rayman_013.jpg\" alt=\"\" class=\"wp-image-47\" srcset=\"https:\/\/mhauss.com\/wp-content\/uploads\/2017\/10\/mhauss_Rayman_013.jpg 960w, https:\/\/mhauss.com\/wp-content\/uploads\/2017\/10\/mhauss_Rayman_013-300x80.jpg 300w, https:\/\/mhauss.com\/wp-content\/uploads\/2017\/10\/mhauss_Rayman_013-768x206.jpg 768w\" sizes=\"auto, (max-width: 960px) 100vw, 960px\" \/><\/figure>\n\n\n\n<p>\u00ab&nbsp;L\u2019Escargot de Marion&nbsp;\u00bb, s\u00e9lectionn\u00e9 au festival d\u2019Annecy 2000<\/p>\n\n\n\n<figure class=\"wp-block-image size-full\"><img loading=\"lazy\" decoding=\"async\" width=\"950\" height=\"485\" src=\"https:\/\/mhauss.com\/wp-content\/uploads\/2022\/12\/01_03_video_15.jpg\" alt=\"\" class=\"wp-image-271\" srcset=\"https:\/\/mhauss.com\/wp-content\/uploads\/2022\/12\/01_03_video_15.jpg 950w, https:\/\/mhauss.com\/wp-content\/uploads\/2022\/12\/01_03_video_15-300x153.jpg 300w, https:\/\/mhauss.com\/wp-content\/uploads\/2022\/12\/01_03_video_15-768x392.jpg 768w, https:\/\/mhauss.com\/wp-content\/uploads\/2022\/12\/01_03_video_15-228x116.jpg 228w\" sizes=\"auto, (max-width: 950px) 100vw, 950px\" \/><\/figure>\n","protected":false},"excerpt":{"rendered":"<p>R\u00e9alisations de courts m\u00e9trages&nbsp;:\u00ab&nbsp;No\u00e9 No\u00e9&nbsp;\u00bb s\u00e9lectionn\u00e9 au festival d\u2019Annecy 2001 \u00ab&nbsp;L\u2019Escargot de Marion&nbsp;\u00bb, s\u00e9lectionn\u00e9 au festival d\u2019Annecy 2000<\/p>\n","protected":false},"author":1,"featured_media":0,"parent":0,"menu_order":0,"comment_status":"closed","ping_status":"closed","template":"","meta":{"footnotes":""},"class_list":["post-270","page","type-page","status-publish","hentry"],"yoast_head":"<!-- This site is optimized with the Yoast SEO plugin v27.4 - https:\/\/yoast.com\/product\/yoast-seo-wordpress\/ -->\n<title>Courts m\u00e9trages - mhauss<\/title>\n<meta name=\"robots\" content=\"index, follow, max-snippet:-1, max-image-preview:large, max-video-preview:-1\" \/>\n<link rel=\"canonical\" href=\"https:\/\/mhauss.com\/index.php\/courts-metrages\/\" \/>\n<meta property=\"og:locale\" content=\"fr_FR\" \/>\n<meta property=\"og:type\" content=\"article\" \/>\n<meta property=\"og:title\" content=\"Courts m\u00e9trages - mhauss\" \/>\n<meta property=\"og:description\" content=\"R\u00e9alisations de courts m\u00e9trages&nbsp;:\u00ab&nbsp;No\u00e9 No\u00e9&nbsp;\u00bb s\u00e9lectionn\u00e9 au festival d\u2019Annecy 2001 \u00ab&nbsp;L\u2019Escargot de Marion&nbsp;\u00bb, s\u00e9lectionn\u00e9 au festival d\u2019Annecy 2000\" \/>\n<meta property=\"og:url\" content=\"https:\/\/mhauss.com\/index.php\/courts-metrages\/\" \/>\n<meta property=\"og:site_name\" content=\"mhauss\" \/>\n<meta property=\"article:modified_time\" content=\"2022-12-11T00:49:29+00:00\" \/>\n<meta property=\"og:image\" content=\"http:\/\/mhauss.com\/wp-content\/uploads\/2017\/10\/cropped-Video_mhauss_001-1024x440.jpg\" \/>\n<meta name=\"twitter:card\" content=\"summary_large_image\" \/>\n<meta name=\"twitter:label1\" content=\"Dur\u00e9e de lecture estim\u00e9e\" \/>\n\t<meta name=\"twitter:data1\" content=\"1 minute\" \/>\n<script type=\"application\/ld+json\" class=\"yoast-schema-graph\">{\"@context\":\"https:\\\/\\\/schema.org\",\"@graph\":[{\"@type\":\"WebPage\",\"@id\":\"https:\\\/\\\/mhauss.com\\\/index.php\\\/courts-metrages\\\/\",\"url\":\"https:\\\/\\\/mhauss.com\\\/index.php\\\/courts-metrages\\\/\",\"name\":\"Courts m\u00e9trages - mhauss\",\"isPartOf\":{\"@id\":\"https:\\\/\\\/mhauss.com\\\/#website\"},\"primaryImageOfPage\":{\"@id\":\"https:\\\/\\\/mhauss.com\\\/index.php\\\/courts-metrages\\\/#primaryimage\"},\"image\":{\"@id\":\"https:\\\/\\\/mhauss.com\\\/index.php\\\/courts-metrages\\\/#primaryimage\"},\"thumbnailUrl\":\"http:\\\/\\\/mhauss.com\\\/wp-content\\\/uploads\\\/2017\\\/10\\\/cropped-Video_mhauss_001-1024x440.jpg\",\"datePublished\":\"2022-12-11T00:09:16+00:00\",\"dateModified\":\"2022-12-11T00:49:29+00:00\",\"breadcrumb\":{\"@id\":\"https:\\\/\\\/mhauss.com\\\/index.php\\\/courts-metrages\\\/#breadcrumb\"},\"inLanguage\":\"fr-FR\",\"potentialAction\":[{\"@type\":\"ReadAction\",\"target\":[\"https:\\\/\\\/mhauss.com\\\/index.php\\\/courts-metrages\\\/\"]}]},{\"@type\":\"ImageObject\",\"inLanguage\":\"fr-FR\",\"@id\":\"https:\\\/\\\/mhauss.com\\\/index.php\\\/courts-metrages\\\/#primaryimage\",\"url\":\"https:\\\/\\\/mhauss.com\\\/wp-content\\\/uploads\\\/2017\\\/10\\\/cropped-Video_mhauss_001.jpg\",\"contentUrl\":\"https:\\\/\\\/mhauss.com\\\/wp-content\\\/uploads\\\/2017\\\/10\\\/cropped-Video_mhauss_001.jpg\",\"width\":2000,\"height\":859},{\"@type\":\"BreadcrumbList\",\"@id\":\"https:\\\/\\\/mhauss.com\\\/index.php\\\/courts-metrages\\\/#breadcrumb\",\"itemListElement\":[{\"@type\":\"ListItem\",\"position\":1,\"name\":\"Home\",\"item\":\"https:\\\/\\\/mhauss.com\\\/\"},{\"@type\":\"ListItem\",\"position\":2,\"name\":\"Courts m\u00e9trages\"}]},{\"@type\":\"WebSite\",\"@id\":\"https:\\\/\\\/mhauss.com\\\/#website\",\"url\":\"https:\\\/\\\/mhauss.com\\\/\",\"name\":\"mhauss\",\"description\":\"images fixes et anim\u00e9es, illustrations, mod\u00e9lisations et animations 3D\",\"publisher\":{\"@id\":\"https:\\\/\\\/mhauss.com\\\/#organization\"},\"potentialAction\":[{\"@type\":\"SearchAction\",\"target\":{\"@type\":\"EntryPoint\",\"urlTemplate\":\"https:\\\/\\\/mhauss.com\\\/?s={search_term_string}\"},\"query-input\":{\"@type\":\"PropertyValueSpecification\",\"valueRequired\":true,\"valueName\":\"search_term_string\"}}],\"inLanguage\":\"fr-FR\"},{\"@type\":\"Organization\",\"@id\":\"https:\\\/\\\/mhauss.com\\\/#organization\",\"name\":\"mhauss\",\"url\":\"https:\\\/\\\/mhauss.com\\\/\",\"logo\":{\"@type\":\"ImageObject\",\"inLanguage\":\"fr-FR\",\"@id\":\"https:\\\/\\\/mhauss.com\\\/#\\\/schema\\\/logo\\\/image\\\/\",\"url\":\"https:\\\/\\\/mhauss.com\\\/wp-content\\\/uploads\\\/2022\\\/12\\\/ext.jpg\",\"contentUrl\":\"https:\\\/\\\/mhauss.com\\\/wp-content\\\/uploads\\\/2022\\\/12\\\/ext.jpg\",\"width\":140,\"height\":140,\"caption\":\"mhauss\"},\"image\":{\"@id\":\"https:\\\/\\\/mhauss.com\\\/#\\\/schema\\\/logo\\\/image\\\/\"}}]}<\/script>\n<!-- \/ Yoast SEO plugin. -->","yoast_head_json":{"title":"Courts m\u00e9trages - mhauss","robots":{"index":"index","follow":"follow","max-snippet":"max-snippet:-1","max-image-preview":"max-image-preview:large","max-video-preview":"max-video-preview:-1"},"canonical":"https:\/\/mhauss.com\/index.php\/courts-metrages\/","og_locale":"fr_FR","og_type":"article","og_title":"Courts m\u00e9trages - mhauss","og_description":"R\u00e9alisations de courts m\u00e9trages&nbsp;:\u00ab&nbsp;No\u00e9 No\u00e9&nbsp;\u00bb s\u00e9lectionn\u00e9 au festival d\u2019Annecy 2001 \u00ab&nbsp;L\u2019Escargot de Marion&nbsp;\u00bb, s\u00e9lectionn\u00e9 au festival d\u2019Annecy 2000","og_url":"https:\/\/mhauss.com\/index.php\/courts-metrages\/","og_site_name":"mhauss","article_modified_time":"2022-12-11T00:49:29+00:00","og_image":[{"url":"http:\/\/mhauss.com\/wp-content\/uploads\/2017\/10\/cropped-Video_mhauss_001-1024x440.jpg","type":"","width":"","height":""}],"twitter_card":"summary_large_image","twitter_misc":{"Dur\u00e9e de lecture estim\u00e9e":"1 minute"},"schema":{"@context":"https:\/\/schema.org","@graph":[{"@type":"WebPage","@id":"https:\/\/mhauss.com\/index.php\/courts-metrages\/","url":"https:\/\/mhauss.com\/index.php\/courts-metrages\/","name":"Courts m\u00e9trages - mhauss","isPartOf":{"@id":"https:\/\/mhauss.com\/#website"},"primaryImageOfPage":{"@id":"https:\/\/mhauss.com\/index.php\/courts-metrages\/#primaryimage"},"image":{"@id":"https:\/\/mhauss.com\/index.php\/courts-metrages\/#primaryimage"},"thumbnailUrl":"http:\/\/mhauss.com\/wp-content\/uploads\/2017\/10\/cropped-Video_mhauss_001-1024x440.jpg","datePublished":"2022-12-11T00:09:16+00:00","dateModified":"2022-12-11T00:49:29+00:00","breadcrumb":{"@id":"https:\/\/mhauss.com\/index.php\/courts-metrages\/#breadcrumb"},"inLanguage":"fr-FR","potentialAction":[{"@type":"ReadAction","target":["https:\/\/mhauss.com\/index.php\/courts-metrages\/"]}]},{"@type":"ImageObject","inLanguage":"fr-FR","@id":"https:\/\/mhauss.com\/index.php\/courts-metrages\/#primaryimage","url":"https:\/\/mhauss.com\/wp-content\/uploads\/2017\/10\/cropped-Video_mhauss_001.jpg","contentUrl":"https:\/\/mhauss.com\/wp-content\/uploads\/2017\/10\/cropped-Video_mhauss_001.jpg","width":2000,"height":859},{"@type":"BreadcrumbList","@id":"https:\/\/mhauss.com\/index.php\/courts-metrages\/#breadcrumb","itemListElement":[{"@type":"ListItem","position":1,"name":"Home","item":"https:\/\/mhauss.com\/"},{"@type":"ListItem","position":2,"name":"Courts m\u00e9trages"}]},{"@type":"WebSite","@id":"https:\/\/mhauss.com\/#website","url":"https:\/\/mhauss.com\/","name":"mhauss","description":"images fixes et anim\u00e9es, illustrations, mod\u00e9lisations et animations 3D","publisher":{"@id":"https:\/\/mhauss.com\/#organization"},"potentialAction":[{"@type":"SearchAction","target":{"@type":"EntryPoint","urlTemplate":"https:\/\/mhauss.com\/?s={search_term_string}"},"query-input":{"@type":"PropertyValueSpecification","valueRequired":true,"valueName":"search_term_string"}}],"inLanguage":"fr-FR"},{"@type":"Organization","@id":"https:\/\/mhauss.com\/#organization","name":"mhauss","url":"https:\/\/mhauss.com\/","logo":{"@type":"ImageObject","inLanguage":"fr-FR","@id":"https:\/\/mhauss.com\/#\/schema\/logo\/image\/","url":"https:\/\/mhauss.com\/wp-content\/uploads\/2022\/12\/ext.jpg","contentUrl":"https:\/\/mhauss.com\/wp-content\/uploads\/2022\/12\/ext.jpg","width":140,"height":140,"caption":"mhauss"},"image":{"@id":"https:\/\/mhauss.com\/#\/schema\/logo\/image\/"}}]}},"_links":{"self":[{"href":"https:\/\/mhauss.com\/index.php\/wp-json\/wp\/v2\/pages\/270","targetHints":{"allow":["GET"]}}],"collection":[{"href":"https:\/\/mhauss.com\/index.php\/wp-json\/wp\/v2\/pages"}],"about":[{"href":"https:\/\/mhauss.com\/index.php\/wp-json\/wp\/v2\/types\/page"}],"author":[{"embeddable":true,"href":"https:\/\/mhauss.com\/index.php\/wp-json\/wp\/v2\/users\/1"}],"replies":[{"embeddable":true,"href":"https:\/\/mhauss.com\/index.php\/wp-json\/wp\/v2\/comments?post=270"}],"version-history":[{"count":2,"href":"https:\/\/mhauss.com\/index.php\/wp-json\/wp\/v2\/pages\/270\/revisions"}],"predecessor-version":[{"id":289,"href":"https:\/\/mhauss.com\/index.php\/wp-json\/wp\/v2\/pages\/270\/revisions\/289"}],"wp:attachment":[{"href":"https:\/\/mhauss.com\/index.php\/wp-json\/wp\/v2\/media?parent=270"}],"curies":[{"name":"wp","href":"https:\/\/api.w.org\/{rel}","templated":true}]}}