{"id":235,"date":"2022-12-10T21:33:28","date_gmt":"2022-12-10T20:33:28","guid":{"rendered":"http:\/\/mhauss.com\/?page_id=235"},"modified":"2022-12-11T01:43:18","modified_gmt":"2022-12-11T00:43:18","slug":"ubisoft","status":"publish","type":"page","link":"https:\/\/mhauss.com\/index.php\/ubisoft\/","title":{"rendered":"Ubisoft"},"content":{"rendered":"\n<p>Ubisoft Paris Montreuil, recherche et d\u00e9veloppement, cr\u00e9ation de prototypes, character design, animation 3D, mod\u00e9lisation, illustrations, design graphique  <\/p>\n\n\n\n<figure class=\"wp-block-image size-full\"><img loading=\"lazy\" decoding=\"async\" width=\"960\" height=\"257\" src=\"https:\/\/mhauss.com\/wp-content\/uploads\/2017\/10\/mhauss_Rayman_001.jpg\" alt=\"\" class=\"wp-image-42\" srcset=\"https:\/\/mhauss.com\/wp-content\/uploads\/2017\/10\/mhauss_Rayman_001.jpg 960w, https:\/\/mhauss.com\/wp-content\/uploads\/2017\/10\/mhauss_Rayman_001-300x80.jpg 300w, https:\/\/mhauss.com\/wp-content\/uploads\/2017\/10\/mhauss_Rayman_001-768x206.jpg 768w\" sizes=\"auto, (max-width: 960px) 100vw, 960px\" \/><\/figure>\n\n\n\n<figure class=\"wp-block-image size-full\"><img loading=\"lazy\" decoding=\"async\" width=\"600\" height=\"600\" src=\"https:\/\/mhauss.com\/wp-content\/uploads\/2017\/10\/01_01_Market_22.jpg\" alt=\"\" class=\"wp-image-32\" srcset=\"https:\/\/mhauss.com\/wp-content\/uploads\/2017\/10\/01_01_Market_22.jpg 600w, https:\/\/mhauss.com\/wp-content\/uploads\/2017\/10\/01_01_Market_22-150x150.jpg 150w, https:\/\/mhauss.com\/wp-content\/uploads\/2017\/10\/01_01_Market_22-300x300.jpg 300w, https:\/\/mhauss.com\/wp-content\/uploads\/2017\/10\/01_01_Market_22-100x100.jpg 100w\" sizes=\"auto, (max-width: 600px) 100vw, 600px\" \/><\/figure>\n\n\n\n<figure class=\"wp-block-image size-full\"><img loading=\"lazy\" decoding=\"async\" width=\"491\" height=\"330\" src=\"https:\/\/mhauss.com\/wp-content\/uploads\/2017\/11\/01_01_Market_21_03.jpg\" alt=\"\" class=\"wp-image-126\" srcset=\"https:\/\/mhauss.com\/wp-content\/uploads\/2017\/11\/01_01_Market_21_03.jpg 491w, https:\/\/mhauss.com\/wp-content\/uploads\/2017\/11\/01_01_Market_21_03-300x202.jpg 300w\" sizes=\"auto, (max-width: 491px) 100vw, 491px\" \/><\/figure>\n\n\n\n<figure class=\"wp-block-image size-full\"><img loading=\"lazy\" decoding=\"async\" width=\"423\" height=\"600\" src=\"https:\/\/mhauss.com\/wp-content\/uploads\/2017\/11\/01_01_Market_18.jpg\" alt=\"\" class=\"wp-image-125\" srcset=\"https:\/\/mhauss.com\/wp-content\/uploads\/2017\/11\/01_01_Market_18.jpg 423w, https:\/\/mhauss.com\/wp-content\/uploads\/2017\/11\/01_01_Market_18-212x300.jpg 212w\" sizes=\"auto, (max-width: 423px) 100vw, 423px\" \/><\/figure>\n\n\n\n<figure class=\"wp-block-image size-full\"><img loading=\"lazy\" decoding=\"async\" width=\"464\" height=\"600\" src=\"https:\/\/mhauss.com\/wp-content\/uploads\/2017\/11\/01_01_Market_19.jpg\" alt=\"\" class=\"wp-image-130\" srcset=\"https:\/\/mhauss.com\/wp-content\/uploads\/2017\/11\/01_01_Market_19.jpg 464w, https:\/\/mhauss.com\/wp-content\/uploads\/2017\/11\/01_01_Market_19-232x300.jpg 232w\" sizes=\"auto, (max-width: 464px) 100vw, 464px\" \/><\/figure>\n\n\n\n<figure class=\"wp-block-image size-full\"><img loading=\"lazy\" decoding=\"async\" width=\"600\" height=\"739\" src=\"https:\/\/mhauss.com\/wp-content\/uploads\/2017\/11\/01_01_Market_24.jpg\" alt=\"\" class=\"wp-image-127\" srcset=\"https:\/\/mhauss.com\/wp-content\/uploads\/2017\/11\/01_01_Market_24.jpg 600w, https:\/\/mhauss.com\/wp-content\/uploads\/2017\/11\/01_01_Market_24-244x300.jpg 244w\" sizes=\"auto, (max-width: 600px) 100vw, 600px\" \/><\/figure>\n\n\n\n<figure class=\"wp-block-image size-full\"><img loading=\"lazy\" decoding=\"async\" width=\"350\" height=\"350\" src=\"https:\/\/mhauss.com\/wp-content\/uploads\/2017\/11\/01_01_Market_13.jpg\" alt=\"\" class=\"wp-image-129\" srcset=\"https:\/\/mhauss.com\/wp-content\/uploads\/2017\/11\/01_01_Market_13.jpg 350w, https:\/\/mhauss.com\/wp-content\/uploads\/2017\/11\/01_01_Market_13-150x150.jpg 150w, https:\/\/mhauss.com\/wp-content\/uploads\/2017\/11\/01_01_Market_13-300x300.jpg 300w, https:\/\/mhauss.com\/wp-content\/uploads\/2017\/11\/01_01_Market_13-100x100.jpg 100w\" sizes=\"auto, (max-width: 350px) 100vw, 350px\" \/><\/figure>\n\n\n\n<figure class=\"wp-block-image size-full\"><img loading=\"lazy\" decoding=\"async\" width=\"438\" height=\"500\" src=\"https:\/\/mhauss.com\/wp-content\/uploads\/2017\/11\/01_01_Market_10.jpg\" alt=\"\" class=\"wp-image-131\" srcset=\"https:\/\/mhauss.com\/wp-content\/uploads\/2017\/11\/01_01_Market_10.jpg 438w, https:\/\/mhauss.com\/wp-content\/uploads\/2017\/11\/01_01_Market_10-263x300.jpg 263w\" sizes=\"auto, (max-width: 438px) 100vw, 438px\" \/><\/figure>\n\n\n\n<figure class=\"wp-block-image size-full\"><img loading=\"lazy\" decoding=\"async\" width=\"434\" height=\"600\" src=\"https:\/\/mhauss.com\/wp-content\/uploads\/2017\/11\/01_01_Market_20.jpg\" alt=\"\" class=\"wp-image-128\" srcset=\"https:\/\/mhauss.com\/wp-content\/uploads\/2017\/11\/01_01_Market_20.jpg 434w, https:\/\/mhauss.com\/wp-content\/uploads\/2017\/11\/01_01_Market_20-217x300.jpg 217w\" sizes=\"auto, (max-width: 434px) 100vw, 434px\" \/><\/figure>\n\n\n\n<figure class=\"wp-block-image size-full\"><img loading=\"lazy\" decoding=\"async\" width=\"563\" height=\"450\" src=\"https:\/\/mhauss.com\/wp-content\/uploads\/2017\/11\/01_01_games_07.jpg\" alt=\"\" class=\"wp-image-132\" srcset=\"https:\/\/mhauss.com\/wp-content\/uploads\/2017\/11\/01_01_games_07.jpg 563w, https:\/\/mhauss.com\/wp-content\/uploads\/2017\/11\/01_01_games_07-300x240.jpg 300w\" sizes=\"auto, (max-width: 563px) 100vw, 563px\" \/><\/figure>\n","protected":false},"excerpt":{"rendered":"<p>Ubisoft Paris Montreuil, recherche et d\u00e9veloppement, cr\u00e9ation de prototypes, character design, animation 3D, mod\u00e9lisation, illustrations, design graphique<\/p>\n","protected":false},"author":1,"featured_media":0,"parent":0,"menu_order":0,"comment_status":"closed","ping_status":"closed","template":"","meta":{"footnotes":""},"class_list":["post-235","page","type-page","status-publish","hentry"],"yoast_head":"<!-- This site is optimized with the Yoast SEO plugin v27.4 - https:\/\/yoast.com\/product\/yoast-seo-wordpress\/ -->\n<title>Ubisoft - mhauss<\/title>\n<meta name=\"description\" content=\"Ubisoft Paris Montreuil, recherche est d\u00e9veloppement cr\u00e9ation de prototypes, character design, animation 3D, design graphique\" \/>\n<meta name=\"robots\" content=\"index, follow, max-snippet:-1, max-image-preview:large, max-video-preview:-1\" \/>\n<link rel=\"canonical\" href=\"https:\/\/mhauss.com\/index.php\/ubisoft\/\" \/>\n<meta property=\"og:locale\" content=\"fr_FR\" \/>\n<meta property=\"og:type\" content=\"article\" \/>\n<meta property=\"og:title\" content=\"Ubisoft - mhauss\" \/>\n<meta property=\"og:description\" content=\"Ubisoft Paris Montreuil, recherche est d\u00e9veloppement cr\u00e9ation de prototypes, character design, animation 3D, design graphique\" \/>\n<meta property=\"og:url\" content=\"https:\/\/mhauss.com\/index.php\/ubisoft\/\" \/>\n<meta property=\"og:site_name\" content=\"mhauss\" \/>\n<meta property=\"article:modified_time\" content=\"2022-12-11T00:43:18+00:00\" \/>\n<meta property=\"og:image\" content=\"http:\/\/mhauss.com\/wp-content\/uploads\/2017\/10\/mhauss_Rayman_001.jpg\" \/>\n<meta name=\"twitter:card\" content=\"summary_large_image\" \/>\n<meta name=\"twitter:label1\" content=\"Dur\u00e9e de lecture estim\u00e9e\" \/>\n\t<meta name=\"twitter:data1\" content=\"3 minutes\" \/>\n<script type=\"application\/ld+json\" class=\"yoast-schema-graph\">{\"@context\":\"https:\\\/\\\/schema.org\",\"@graph\":[{\"@type\":\"WebPage\",\"@id\":\"https:\\\/\\\/mhauss.com\\\/index.php\\\/ubisoft\\\/\",\"url\":\"https:\\\/\\\/mhauss.com\\\/index.php\\\/ubisoft\\\/\",\"name\":\"Ubisoft - mhauss\",\"isPartOf\":{\"@id\":\"https:\\\/\\\/mhauss.com\\\/#website\"},\"primaryImageOfPage\":{\"@id\":\"https:\\\/\\\/mhauss.com\\\/index.php\\\/ubisoft\\\/#primaryimage\"},\"image\":{\"@id\":\"https:\\\/\\\/mhauss.com\\\/index.php\\\/ubisoft\\\/#primaryimage\"},\"thumbnailUrl\":\"http:\\\/\\\/mhauss.com\\\/wp-content\\\/uploads\\\/2017\\\/10\\\/mhauss_Rayman_001.jpg\",\"datePublished\":\"2022-12-10T20:33:28+00:00\",\"dateModified\":\"2022-12-11T00:43:18+00:00\",\"description\":\"Ubisoft Paris Montreuil, recherche est d\u00e9veloppement cr\u00e9ation de prototypes, character design, animation 3D, design graphique\",\"breadcrumb\":{\"@id\":\"https:\\\/\\\/mhauss.com\\\/index.php\\\/ubisoft\\\/#breadcrumb\"},\"inLanguage\":\"fr-FR\",\"potentialAction\":[{\"@type\":\"ReadAction\",\"target\":[\"https:\\\/\\\/mhauss.com\\\/index.php\\\/ubisoft\\\/\"]}]},{\"@type\":\"ImageObject\",\"inLanguage\":\"fr-FR\",\"@id\":\"https:\\\/\\\/mhauss.com\\\/index.php\\\/ubisoft\\\/#primaryimage\",\"url\":\"https:\\\/\\\/mhauss.com\\\/wp-content\\\/uploads\\\/2017\\\/10\\\/mhauss_Rayman_001.jpg\",\"contentUrl\":\"https:\\\/\\\/mhauss.com\\\/wp-content\\\/uploads\\\/2017\\\/10\\\/mhauss_Rayman_001.jpg\",\"width\":960,\"height\":257},{\"@type\":\"BreadcrumbList\",\"@id\":\"https:\\\/\\\/mhauss.com\\\/index.php\\\/ubisoft\\\/#breadcrumb\",\"itemListElement\":[{\"@type\":\"ListItem\",\"position\":1,\"name\":\"Home\",\"item\":\"https:\\\/\\\/mhauss.com\\\/\"},{\"@type\":\"ListItem\",\"position\":2,\"name\":\"Ubisoft\"}]},{\"@type\":\"WebSite\",\"@id\":\"https:\\\/\\\/mhauss.com\\\/#website\",\"url\":\"https:\\\/\\\/mhauss.com\\\/\",\"name\":\"mhauss\",\"description\":\"images fixes et anim\u00e9es, illustrations, mod\u00e9lisations et animations 3D\",\"publisher\":{\"@id\":\"https:\\\/\\\/mhauss.com\\\/#organization\"},\"potentialAction\":[{\"@type\":\"SearchAction\",\"target\":{\"@type\":\"EntryPoint\",\"urlTemplate\":\"https:\\\/\\\/mhauss.com\\\/?s={search_term_string}\"},\"query-input\":{\"@type\":\"PropertyValueSpecification\",\"valueRequired\":true,\"valueName\":\"search_term_string\"}}],\"inLanguage\":\"fr-FR\"},{\"@type\":\"Organization\",\"@id\":\"https:\\\/\\\/mhauss.com\\\/#organization\",\"name\":\"mhauss\",\"url\":\"https:\\\/\\\/mhauss.com\\\/\",\"logo\":{\"@type\":\"ImageObject\",\"inLanguage\":\"fr-FR\",\"@id\":\"https:\\\/\\\/mhauss.com\\\/#\\\/schema\\\/logo\\\/image\\\/\",\"url\":\"https:\\\/\\\/mhauss.com\\\/wp-content\\\/uploads\\\/2022\\\/12\\\/ext.jpg\",\"contentUrl\":\"https:\\\/\\\/mhauss.com\\\/wp-content\\\/uploads\\\/2022\\\/12\\\/ext.jpg\",\"width\":140,\"height\":140,\"caption\":\"mhauss\"},\"image\":{\"@id\":\"https:\\\/\\\/mhauss.com\\\/#\\\/schema\\\/logo\\\/image\\\/\"}}]}<\/script>\n<!-- \/ Yoast SEO plugin. -->","yoast_head_json":{"title":"Ubisoft - mhauss","description":"Ubisoft Paris Montreuil, recherche est d\u00e9veloppement cr\u00e9ation de prototypes, character design, animation 3D, design graphique","robots":{"index":"index","follow":"follow","max-snippet":"max-snippet:-1","max-image-preview":"max-image-preview:large","max-video-preview":"max-video-preview:-1"},"canonical":"https:\/\/mhauss.com\/index.php\/ubisoft\/","og_locale":"fr_FR","og_type":"article","og_title":"Ubisoft - mhauss","og_description":"Ubisoft Paris Montreuil, recherche est d\u00e9veloppement cr\u00e9ation de prototypes, character design, animation 3D, design graphique","og_url":"https:\/\/mhauss.com\/index.php\/ubisoft\/","og_site_name":"mhauss","article_modified_time":"2022-12-11T00:43:18+00:00","og_image":[{"url":"http:\/\/mhauss.com\/wp-content\/uploads\/2017\/10\/mhauss_Rayman_001.jpg","type":"","width":"","height":""}],"twitter_card":"summary_large_image","twitter_misc":{"Dur\u00e9e de lecture estim\u00e9e":"3 minutes"},"schema":{"@context":"https:\/\/schema.org","@graph":[{"@type":"WebPage","@id":"https:\/\/mhauss.com\/index.php\/ubisoft\/","url":"https:\/\/mhauss.com\/index.php\/ubisoft\/","name":"Ubisoft - mhauss","isPartOf":{"@id":"https:\/\/mhauss.com\/#website"},"primaryImageOfPage":{"@id":"https:\/\/mhauss.com\/index.php\/ubisoft\/#primaryimage"},"image":{"@id":"https:\/\/mhauss.com\/index.php\/ubisoft\/#primaryimage"},"thumbnailUrl":"http:\/\/mhauss.com\/wp-content\/uploads\/2017\/10\/mhauss_Rayman_001.jpg","datePublished":"2022-12-10T20:33:28+00:00","dateModified":"2022-12-11T00:43:18+00:00","description":"Ubisoft Paris Montreuil, recherche est d\u00e9veloppement cr\u00e9ation de prototypes, character design, animation 3D, design graphique","breadcrumb":{"@id":"https:\/\/mhauss.com\/index.php\/ubisoft\/#breadcrumb"},"inLanguage":"fr-FR","potentialAction":[{"@type":"ReadAction","target":["https:\/\/mhauss.com\/index.php\/ubisoft\/"]}]},{"@type":"ImageObject","inLanguage":"fr-FR","@id":"https:\/\/mhauss.com\/index.php\/ubisoft\/#primaryimage","url":"https:\/\/mhauss.com\/wp-content\/uploads\/2017\/10\/mhauss_Rayman_001.jpg","contentUrl":"https:\/\/mhauss.com\/wp-content\/uploads\/2017\/10\/mhauss_Rayman_001.jpg","width":960,"height":257},{"@type":"BreadcrumbList","@id":"https:\/\/mhauss.com\/index.php\/ubisoft\/#breadcrumb","itemListElement":[{"@type":"ListItem","position":1,"name":"Home","item":"https:\/\/mhauss.com\/"},{"@type":"ListItem","position":2,"name":"Ubisoft"}]},{"@type":"WebSite","@id":"https:\/\/mhauss.com\/#website","url":"https:\/\/mhauss.com\/","name":"mhauss","description":"images fixes et anim\u00e9es, illustrations, mod\u00e9lisations et animations 3D","publisher":{"@id":"https:\/\/mhauss.com\/#organization"},"potentialAction":[{"@type":"SearchAction","target":{"@type":"EntryPoint","urlTemplate":"https:\/\/mhauss.com\/?s={search_term_string}"},"query-input":{"@type":"PropertyValueSpecification","valueRequired":true,"valueName":"search_term_string"}}],"inLanguage":"fr-FR"},{"@type":"Organization","@id":"https:\/\/mhauss.com\/#organization","name":"mhauss","url":"https:\/\/mhauss.com\/","logo":{"@type":"ImageObject","inLanguage":"fr-FR","@id":"https:\/\/mhauss.com\/#\/schema\/logo\/image\/","url":"https:\/\/mhauss.com\/wp-content\/uploads\/2022\/12\/ext.jpg","contentUrl":"https:\/\/mhauss.com\/wp-content\/uploads\/2022\/12\/ext.jpg","width":140,"height":140,"caption":"mhauss"},"image":{"@id":"https:\/\/mhauss.com\/#\/schema\/logo\/image\/"}}]}},"_links":{"self":[{"href":"https:\/\/mhauss.com\/index.php\/wp-json\/wp\/v2\/pages\/235","targetHints":{"allow":["GET"]}}],"collection":[{"href":"https:\/\/mhauss.com\/index.php\/wp-json\/wp\/v2\/pages"}],"about":[{"href":"https:\/\/mhauss.com\/index.php\/wp-json\/wp\/v2\/types\/page"}],"author":[{"embeddable":true,"href":"https:\/\/mhauss.com\/index.php\/wp-json\/wp\/v2\/users\/1"}],"replies":[{"embeddable":true,"href":"https:\/\/mhauss.com\/index.php\/wp-json\/wp\/v2\/comments?post=235"}],"version-history":[{"count":4,"href":"https:\/\/mhauss.com\/index.php\/wp-json\/wp\/v2\/pages\/235\/revisions"}],"predecessor-version":[{"id":286,"href":"https:\/\/mhauss.com\/index.php\/wp-json\/wp\/v2\/pages\/235\/revisions\/286"}],"wp:attachment":[{"href":"https:\/\/mhauss.com\/index.php\/wp-json\/wp\/v2\/media?parent=235"}],"curies":[{"name":"wp","href":"https:\/\/api.w.org\/{rel}","templated":true}]}}