{"id":179,"date":"2022-12-03T17:01:11","date_gmt":"2022-12-03T16:01:11","guid":{"rendered":"http:\/\/mhauss.com\/?page_id=179"},"modified":"2024-01-26T21:02:03","modified_gmt":"2024-01-26T20:02:03","slug":"seniors-3000","status":"publish","type":"page","link":"https:\/\/mhauss.com\/index.php\/seniors-3000\/","title":{"rendered":"S\u00e9niors 3000"},"content":{"rendered":"\n<p>\u00ab\u00a0S\u00e9niors 3000\u00a0\u00bb court m\u00e9trage de Julien David<\/p>\n\n\n\n<p>J\u2019ai indiqu\u00e9 les choix techniques et supervis\u00e9 2 confr\u00e8res pour la pr\u00e9paration,<br>mod\u00e9lisations, rigging, setup des trente personnages, et j&rsquo;ai fait le Layout 3D <\/p>\n\n\n\n<p><a href=\"https:\/\/www.youtube.com\/watch?v=OWl3rCdkh3s\" data-type=\"link\" data-id=\"https:\/\/www.youtube.com\/watch?v=OWl3rCdkh3s\" target=\"_blank\" rel=\"noreferrer noopener\">Le Court m\u00e9trage est visible sur la chaine youtube BANG BANG<\/a> <\/p>\n\n\n\n<figure class=\"wp-block-image size-large\"><img loading=\"lazy\" decoding=\"async\" width=\"1024\" height=\"576\" src=\"https:\/\/mhauss.com\/wp-content\/uploads\/2022\/12\/SENIORS-3000_Personnages_001_02_01-1024x576.jpg\" alt=\"\" class=\"wp-image-208\" srcset=\"https:\/\/mhauss.com\/wp-content\/uploads\/2022\/12\/SENIORS-3000_Personnages_001_02_01-1024x576.jpg 1024w, https:\/\/mhauss.com\/wp-content\/uploads\/2022\/12\/SENIORS-3000_Personnages_001_02_01-300x169.jpg 300w, https:\/\/mhauss.com\/wp-content\/uploads\/2022\/12\/SENIORS-3000_Personnages_001_02_01-768x432.jpg 768w, https:\/\/mhauss.com\/wp-content\/uploads\/2022\/12\/SENIORS-3000_Personnages_001_02_01-1536x864.jpg 1536w, https:\/\/mhauss.com\/wp-content\/uploads\/2022\/12\/SENIORS-3000_Personnages_001_02_01-2048x1152.jpg 2048w, https:\/\/mhauss.com\/wp-content\/uploads\/2022\/12\/SENIORS-3000_Personnages_001_02_01-206x116.jpg 206w\" sizes=\"auto, (max-width: 1024px) 100vw, 1024px\" \/><\/figure>\n\n\n\n<figure class=\"wp-block-gallery has-nested-images columns-default is-cropped wp-block-gallery-1 is-layout-flex wp-block-gallery-is-layout-flex\">\n<figure class=\"wp-block-image size-large\"><img loading=\"lazy\" decoding=\"async\" width=\"1024\" height=\"542\" data-id=\"212\" src=\"https:\/\/mhauss.com\/wp-content\/uploads\/2022\/12\/SENIORS-3000_MARLENE02_001-1024x542.jpg\" alt=\"\" class=\"wp-image-212\" srcset=\"https:\/\/mhauss.com\/wp-content\/uploads\/2022\/12\/SENIORS-3000_MARLENE02_001-1024x542.jpg 1024w, https:\/\/mhauss.com\/wp-content\/uploads\/2022\/12\/SENIORS-3000_MARLENE02_001-300x159.jpg 300w, https:\/\/mhauss.com\/wp-content\/uploads\/2022\/12\/SENIORS-3000_MARLENE02_001-768x407.jpg 768w, https:\/\/mhauss.com\/wp-content\/uploads\/2022\/12\/SENIORS-3000_MARLENE02_001-1536x814.jpg 1536w, https:\/\/mhauss.com\/wp-content\/uploads\/2022\/12\/SENIORS-3000_MARLENE02_001-219x116.jpg 219w, https:\/\/mhauss.com\/wp-content\/uploads\/2022\/12\/SENIORS-3000_MARLENE02_001.jpg 1920w\" sizes=\"auto, (max-width: 1024px) 100vw, 1024px\" \/><\/figure>\n<\/figure>\n\n\n\n<figure class=\"wp-block-image size-large\"><img loading=\"lazy\" decoding=\"async\" width=\"1024\" height=\"542\" src=\"https:\/\/mhauss.com\/wp-content\/uploads\/2022\/12\/SENIORS-3000_GREGORY_001-1024x542.jpg\" alt=\"\" class=\"wp-image-213\" srcset=\"https:\/\/mhauss.com\/wp-content\/uploads\/2022\/12\/SENIORS-3000_GREGORY_001-1024x542.jpg 1024w, https:\/\/mhauss.com\/wp-content\/uploads\/2022\/12\/SENIORS-3000_GREGORY_001-300x159.jpg 300w, https:\/\/mhauss.com\/wp-content\/uploads\/2022\/12\/SENIORS-3000_GREGORY_001-768x407.jpg 768w, https:\/\/mhauss.com\/wp-content\/uploads\/2022\/12\/SENIORS-3000_GREGORY_001-1536x814.jpg 1536w, https:\/\/mhauss.com\/wp-content\/uploads\/2022\/12\/SENIORS-3000_GREGORY_001-219x116.jpg 219w, https:\/\/mhauss.com\/wp-content\/uploads\/2022\/12\/SENIORS-3000_GREGORY_001.jpg 1920w\" sizes=\"auto, (max-width: 1024px) 100vw, 1024px\" \/><\/figure>\n\n\n\n<figure class=\"wp-block-image size-large\"><img loading=\"lazy\" decoding=\"async\" width=\"1024\" height=\"542\" src=\"https:\/\/mhauss.com\/wp-content\/uploads\/2022\/12\/SENIORS-3000_JULIEN_001-1024x542.jpg\" alt=\"\" class=\"wp-image-214\" srcset=\"https:\/\/mhauss.com\/wp-content\/uploads\/2022\/12\/SENIORS-3000_JULIEN_001-1024x542.jpg 1024w, https:\/\/mhauss.com\/wp-content\/uploads\/2022\/12\/SENIORS-3000_JULIEN_001-300x159.jpg 300w, https:\/\/mhauss.com\/wp-content\/uploads\/2022\/12\/SENIORS-3000_JULIEN_001-768x407.jpg 768w, https:\/\/mhauss.com\/wp-content\/uploads\/2022\/12\/SENIORS-3000_JULIEN_001-1536x814.jpg 1536w, https:\/\/mhauss.com\/wp-content\/uploads\/2022\/12\/SENIORS-3000_JULIEN_001-219x116.jpg 219w, https:\/\/mhauss.com\/wp-content\/uploads\/2022\/12\/SENIORS-3000_JULIEN_001.jpg 1920w\" sizes=\"auto, (max-width: 1024px) 100vw, 1024px\" \/><\/figure>\n\n\n\n<figure class=\"wp-block-image size-large\"><img loading=\"lazy\" decoding=\"async\" width=\"1024\" height=\"542\" src=\"https:\/\/mhauss.com\/wp-content\/uploads\/2022\/12\/SENIORS-3000_EVA_001-1024x542.jpg\" alt=\"\" class=\"wp-image-215\" srcset=\"https:\/\/mhauss.com\/wp-content\/uploads\/2022\/12\/SENIORS-3000_EVA_001-1024x542.jpg 1024w, https:\/\/mhauss.com\/wp-content\/uploads\/2022\/12\/SENIORS-3000_EVA_001-300x159.jpg 300w, https:\/\/mhauss.com\/wp-content\/uploads\/2022\/12\/SENIORS-3000_EVA_001-768x407.jpg 768w, https:\/\/mhauss.com\/wp-content\/uploads\/2022\/12\/SENIORS-3000_EVA_001-1536x814.jpg 1536w, https:\/\/mhauss.com\/wp-content\/uploads\/2022\/12\/SENIORS-3000_EVA_001-219x116.jpg 219w, https:\/\/mhauss.com\/wp-content\/uploads\/2022\/12\/SENIORS-3000_EVA_001.jpg 1920w\" sizes=\"auto, (max-width: 1024px) 100vw, 1024px\" \/><\/figure>\n\n\n\n<figure class=\"wp-block-image size-large\"><img loading=\"lazy\" decoding=\"async\" width=\"1024\" height=\"542\" src=\"https:\/\/mhauss.com\/wp-content\/uploads\/2022\/12\/SENIORS-3000_ENCEINTE_001-1024x542.jpg\" alt=\"\" class=\"wp-image-216\" srcset=\"https:\/\/mhauss.com\/wp-content\/uploads\/2022\/12\/SENIORS-3000_ENCEINTE_001-1024x542.jpg 1024w, https:\/\/mhauss.com\/wp-content\/uploads\/2022\/12\/SENIORS-3000_ENCEINTE_001-300x159.jpg 300w, https:\/\/mhauss.com\/wp-content\/uploads\/2022\/12\/SENIORS-3000_ENCEINTE_001-768x407.jpg 768w, https:\/\/mhauss.com\/wp-content\/uploads\/2022\/12\/SENIORS-3000_ENCEINTE_001-1536x814.jpg 1536w, https:\/\/mhauss.com\/wp-content\/uploads\/2022\/12\/SENIORS-3000_ENCEINTE_001-219x116.jpg 219w, https:\/\/mhauss.com\/wp-content\/uploads\/2022\/12\/SENIORS-3000_ENCEINTE_001.jpg 1920w\" sizes=\"auto, (max-width: 1024px) 100vw, 1024px\" \/><\/figure>\n\n\n\n<figure class=\"wp-block-image size-large\"><img loading=\"lazy\" decoding=\"async\" width=\"1024\" height=\"542\" src=\"https:\/\/mhauss.com\/wp-content\/uploads\/2022\/12\/SENIORS-3000_PATRICK_001-1024x542.jpg\" alt=\"\" class=\"wp-image-217\" srcset=\"https:\/\/mhauss.com\/wp-content\/uploads\/2022\/12\/SENIORS-3000_PATRICK_001-1024x542.jpg 1024w, https:\/\/mhauss.com\/wp-content\/uploads\/2022\/12\/SENIORS-3000_PATRICK_001-300x159.jpg 300w, https:\/\/mhauss.com\/wp-content\/uploads\/2022\/12\/SENIORS-3000_PATRICK_001-768x407.jpg 768w, https:\/\/mhauss.com\/wp-content\/uploads\/2022\/12\/SENIORS-3000_PATRICK_001-1536x814.jpg 1536w, https:\/\/mhauss.com\/wp-content\/uploads\/2022\/12\/SENIORS-3000_PATRICK_001-219x116.jpg 219w, https:\/\/mhauss.com\/wp-content\/uploads\/2022\/12\/SENIORS-3000_PATRICK_001.jpg 1920w\" sizes=\"auto, (max-width: 1024px) 100vw, 1024px\" \/><\/figure>\n\n\n\n<figure class=\"wp-block-image size-large\"><img loading=\"lazy\" decoding=\"async\" width=\"1024\" height=\"542\" src=\"https:\/\/mhauss.com\/wp-content\/uploads\/2022\/12\/SENIORS-3000_GRETA_001-1024x542.jpg\" alt=\"\" class=\"wp-image-218\" srcset=\"https:\/\/mhauss.com\/wp-content\/uploads\/2022\/12\/SENIORS-3000_GRETA_001-1024x542.jpg 1024w, https:\/\/mhauss.com\/wp-content\/uploads\/2022\/12\/SENIORS-3000_GRETA_001-300x159.jpg 300w, https:\/\/mhauss.com\/wp-content\/uploads\/2022\/12\/SENIORS-3000_GRETA_001-768x407.jpg 768w, https:\/\/mhauss.com\/wp-content\/uploads\/2022\/12\/SENIORS-3000_GRETA_001-1536x814.jpg 1536w, https:\/\/mhauss.com\/wp-content\/uploads\/2022\/12\/SENIORS-3000_GRETA_001-219x116.jpg 219w, https:\/\/mhauss.com\/wp-content\/uploads\/2022\/12\/SENIORS-3000_GRETA_001.jpg 1920w\" sizes=\"auto, (max-width: 1024px) 100vw, 1024px\" \/><\/figure>\n\n\n\n<figure class=\"wp-block-image size-large\"><img loading=\"lazy\" decoding=\"async\" width=\"1024\" height=\"542\" src=\"https:\/\/mhauss.com\/wp-content\/uploads\/2022\/12\/SENIORS-3000_MARGUERITTE_001-1024x542.jpg\" alt=\"\" class=\"wp-image-219\" srcset=\"https:\/\/mhauss.com\/wp-content\/uploads\/2022\/12\/SENIORS-3000_MARGUERITTE_001-1024x542.jpg 1024w, https:\/\/mhauss.com\/wp-content\/uploads\/2022\/12\/SENIORS-3000_MARGUERITTE_001-300x159.jpg 300w, https:\/\/mhauss.com\/wp-content\/uploads\/2022\/12\/SENIORS-3000_MARGUERITTE_001-768x407.jpg 768w, https:\/\/mhauss.com\/wp-content\/uploads\/2022\/12\/SENIORS-3000_MARGUERITTE_001-1536x814.jpg 1536w, https:\/\/mhauss.com\/wp-content\/uploads\/2022\/12\/SENIORS-3000_MARGUERITTE_001-219x116.jpg 219w, https:\/\/mhauss.com\/wp-content\/uploads\/2022\/12\/SENIORS-3000_MARGUERITTE_001.jpg 1920w\" sizes=\"auto, (max-width: 1024px) 100vw, 1024px\" \/><\/figure>\n\n\n\n<figure class=\"wp-block-image size-large\"><img loading=\"lazy\" decoding=\"async\" width=\"1024\" height=\"542\" src=\"https:\/\/mhauss.com\/wp-content\/uploads\/2022\/12\/SENIORS-3000_LILIANE_001-1024x542.jpg\" alt=\"\" class=\"wp-image-220\" srcset=\"https:\/\/mhauss.com\/wp-content\/uploads\/2022\/12\/SENIORS-3000_LILIANE_001-1024x542.jpg 1024w, https:\/\/mhauss.com\/wp-content\/uploads\/2022\/12\/SENIORS-3000_LILIANE_001-300x159.jpg 300w, https:\/\/mhauss.com\/wp-content\/uploads\/2022\/12\/SENIORS-3000_LILIANE_001-768x407.jpg 768w, https:\/\/mhauss.com\/wp-content\/uploads\/2022\/12\/SENIORS-3000_LILIANE_001-1536x814.jpg 1536w, https:\/\/mhauss.com\/wp-content\/uploads\/2022\/12\/SENIORS-3000_LILIANE_001-219x116.jpg 219w, https:\/\/mhauss.com\/wp-content\/uploads\/2022\/12\/SENIORS-3000_LILIANE_001.jpg 1920w\" sizes=\"auto, (max-width: 1024px) 100vw, 1024px\" \/><\/figure>\n\n\n\n<figure class=\"wp-block-image size-large\"><img loading=\"lazy\" decoding=\"async\" width=\"1024\" height=\"542\" src=\"https:\/\/mhauss.com\/wp-content\/uploads\/2022\/12\/SENIORS-3000_MEDIC_001-1024x542.jpg\" alt=\"\" class=\"wp-image-221\" srcset=\"https:\/\/mhauss.com\/wp-content\/uploads\/2022\/12\/SENIORS-3000_MEDIC_001-1024x542.jpg 1024w, https:\/\/mhauss.com\/wp-content\/uploads\/2022\/12\/SENIORS-3000_MEDIC_001-300x159.jpg 300w, https:\/\/mhauss.com\/wp-content\/uploads\/2022\/12\/SENIORS-3000_MEDIC_001-768x407.jpg 768w, https:\/\/mhauss.com\/wp-content\/uploads\/2022\/12\/SENIORS-3000_MEDIC_001-1536x814.jpg 1536w, https:\/\/mhauss.com\/wp-content\/uploads\/2022\/12\/SENIORS-3000_MEDIC_001-219x116.jpg 219w, https:\/\/mhauss.com\/wp-content\/uploads\/2022\/12\/SENIORS-3000_MEDIC_001.jpg 1920w\" sizes=\"auto, (max-width: 1024px) 100vw, 1024px\" \/><\/figure>\n\n\n\n<figure class=\"wp-block-image size-large\"><img loading=\"lazy\" decoding=\"async\" width=\"1024\" height=\"542\" src=\"https:\/\/mhauss.com\/wp-content\/uploads\/2022\/12\/SENIORS-3000_BETONNIERE_001-1-1024x542.jpg\" alt=\"\" class=\"wp-image-222\" srcset=\"https:\/\/mhauss.com\/wp-content\/uploads\/2022\/12\/SENIORS-3000_BETONNIERE_001-1-1024x542.jpg 1024w, https:\/\/mhauss.com\/wp-content\/uploads\/2022\/12\/SENIORS-3000_BETONNIERE_001-1-300x159.jpg 300w, https:\/\/mhauss.com\/wp-content\/uploads\/2022\/12\/SENIORS-3000_BETONNIERE_001-1-768x407.jpg 768w, https:\/\/mhauss.com\/wp-content\/uploads\/2022\/12\/SENIORS-3000_BETONNIERE_001-1-1536x814.jpg 1536w, https:\/\/mhauss.com\/wp-content\/uploads\/2022\/12\/SENIORS-3000_BETONNIERE_001-1-219x116.jpg 219w, https:\/\/mhauss.com\/wp-content\/uploads\/2022\/12\/SENIORS-3000_BETONNIERE_001-1.jpg 1920w\" sizes=\"auto, (max-width: 1024px) 100vw, 1024px\" \/><\/figure>\n\n\n\n<figure class=\"wp-block-image size-large\"><img loading=\"lazy\" decoding=\"async\" width=\"1024\" height=\"542\" src=\"https:\/\/mhauss.com\/wp-content\/uploads\/2022\/12\/SENIORS-3000_COPAIN_001-1024x542.jpg\" alt=\"\" class=\"wp-image-223\" srcset=\"https:\/\/mhauss.com\/wp-content\/uploads\/2022\/12\/SENIORS-3000_COPAIN_001-1024x542.jpg 1024w, https:\/\/mhauss.com\/wp-content\/uploads\/2022\/12\/SENIORS-3000_COPAIN_001-300x159.jpg 300w, https:\/\/mhauss.com\/wp-content\/uploads\/2022\/12\/SENIORS-3000_COPAIN_001-768x407.jpg 768w, https:\/\/mhauss.com\/wp-content\/uploads\/2022\/12\/SENIORS-3000_COPAIN_001-1536x814.jpg 1536w, https:\/\/mhauss.com\/wp-content\/uploads\/2022\/12\/SENIORS-3000_COPAIN_001-219x116.jpg 219w, https:\/\/mhauss.com\/wp-content\/uploads\/2022\/12\/SENIORS-3000_COPAIN_001.jpg 1920w\" sizes=\"auto, (max-width: 1024px) 100vw, 1024px\" \/><\/figure>\n\n\n\n<figure class=\"wp-block-image size-large\"><img loading=\"lazy\" decoding=\"async\" width=\"1024\" height=\"542\" src=\"https:\/\/mhauss.com\/wp-content\/uploads\/2022\/12\/SENIORS-3000_KEBAB_001-1024x542.jpg\" alt=\"\" class=\"wp-image-224\" srcset=\"https:\/\/mhauss.com\/wp-content\/uploads\/2022\/12\/SENIORS-3000_KEBAB_001-1024x542.jpg 1024w, https:\/\/mhauss.com\/wp-content\/uploads\/2022\/12\/SENIORS-3000_KEBAB_001-300x159.jpg 300w, https:\/\/mhauss.com\/wp-content\/uploads\/2022\/12\/SENIORS-3000_KEBAB_001-768x407.jpg 768w, https:\/\/mhauss.com\/wp-content\/uploads\/2022\/12\/SENIORS-3000_KEBAB_001-1536x814.jpg 1536w, https:\/\/mhauss.com\/wp-content\/uploads\/2022\/12\/SENIORS-3000_KEBAB_001-219x116.jpg 219w, https:\/\/mhauss.com\/wp-content\/uploads\/2022\/12\/SENIORS-3000_KEBAB_001.jpg 1920w\" sizes=\"auto, (max-width: 1024px) 100vw, 1024px\" \/><\/figure>\n","protected":false},"excerpt":{"rendered":"<p>\u00ab\u00a0S\u00e9niors 3000\u00a0\u00bb court m\u00e9trage de Julien David J\u2019ai indiqu\u00e9 les choix techniques et supervis\u00e9 2 confr\u00e8res pour la pr\u00e9paration,mod\u00e9lisations, rigging, setup des trente personnages, et j&rsquo;ai fait le Layout 3D Le Court m\u00e9trage est visible sur la chaine youtube BANG BANG<\/p>\n","protected":false},"author":1,"featured_media":0,"parent":0,"menu_order":0,"comment_status":"closed","ping_status":"closed","template":"","meta":{"footnotes":""},"class_list":["post-179","page","type-page","status-publish","hentry"],"yoast_head":"<!-- This site is optimized with the Yoast SEO plugin v27.4 - https:\/\/yoast.com\/product\/yoast-seo-wordpress\/ -->\n<title>S\u00e9niors 3000 - mhauss<\/title>\n<meta name=\"robots\" content=\"index, follow, max-snippet:-1, max-image-preview:large, max-video-preview:-1\" \/>\n<link rel=\"canonical\" href=\"https:\/\/mhauss.com\/index.php\/seniors-3000\/\" \/>\n<meta property=\"og:locale\" content=\"fr_FR\" \/>\n<meta property=\"og:type\" content=\"article\" \/>\n<meta property=\"og:title\" content=\"S\u00e9niors 3000 - mhauss\" \/>\n<meta property=\"og:description\" content=\"\u00ab\u00a0S\u00e9niors 3000\u00a0\u00bb court m\u00e9trage de Julien David J\u2019ai indiqu\u00e9 les choix techniques et supervis\u00e9 2 confr\u00e8res pour la pr\u00e9paration,mod\u00e9lisations, rigging, setup des trente personnages, et j&rsquo;ai fait le Layout 3D Le Court m\u00e9trage est visible sur la chaine youtube BANG BANG\" \/>\n<meta property=\"og:url\" content=\"https:\/\/mhauss.com\/index.php\/seniors-3000\/\" \/>\n<meta property=\"og:site_name\" content=\"mhauss\" \/>\n<meta property=\"article:modified_time\" content=\"2024-01-26T20:02:03+00:00\" \/>\n<meta property=\"og:image\" content=\"http:\/\/mhauss.com\/wp-content\/uploads\/2022\/12\/SENIORS-3000_Personnages_001_02_01-1024x576.jpg\" \/>\n<meta name=\"twitter:card\" content=\"summary_large_image\" \/>\n<meta name=\"twitter:label1\" content=\"Dur\u00e9e de lecture estim\u00e9e\" \/>\n\t<meta name=\"twitter:data1\" content=\"3 minutes\" \/>\n<script type=\"application\/ld+json\" class=\"yoast-schema-graph\">{\"@context\":\"https:\\\/\\\/schema.org\",\"@graph\":[{\"@type\":\"WebPage\",\"@id\":\"https:\\\/\\\/mhauss.com\\\/index.php\\\/seniors-3000\\\/\",\"url\":\"https:\\\/\\\/mhauss.com\\\/index.php\\\/seniors-3000\\\/\",\"name\":\"S\u00e9niors 3000 - mhauss\",\"isPartOf\":{\"@id\":\"https:\\\/\\\/mhauss.com\\\/#website\"},\"primaryImageOfPage\":{\"@id\":\"https:\\\/\\\/mhauss.com\\\/index.php\\\/seniors-3000\\\/#primaryimage\"},\"image\":{\"@id\":\"https:\\\/\\\/mhauss.com\\\/index.php\\\/seniors-3000\\\/#primaryimage\"},\"thumbnailUrl\":\"http:\\\/\\\/mhauss.com\\\/wp-content\\\/uploads\\\/2022\\\/12\\\/SENIORS-3000_Personnages_001_02_01-1024x576.jpg\",\"datePublished\":\"2022-12-03T16:01:11+00:00\",\"dateModified\":\"2024-01-26T20:02:03+00:00\",\"breadcrumb\":{\"@id\":\"https:\\\/\\\/mhauss.com\\\/index.php\\\/seniors-3000\\\/#breadcrumb\"},\"inLanguage\":\"fr-FR\",\"potentialAction\":[{\"@type\":\"ReadAction\",\"target\":[\"https:\\\/\\\/mhauss.com\\\/index.php\\\/seniors-3000\\\/\"]}]},{\"@type\":\"ImageObject\",\"inLanguage\":\"fr-FR\",\"@id\":\"https:\\\/\\\/mhauss.com\\\/index.php\\\/seniors-3000\\\/#primaryimage\",\"url\":\"http:\\\/\\\/mhauss.com\\\/wp-content\\\/uploads\\\/2022\\\/12\\\/SENIORS-3000_Personnages_001_02_01-1024x576.jpg\",\"contentUrl\":\"http:\\\/\\\/mhauss.com\\\/wp-content\\\/uploads\\\/2022\\\/12\\\/SENIORS-3000_Personnages_001_02_01-1024x576.jpg\"},{\"@type\":\"BreadcrumbList\",\"@id\":\"https:\\\/\\\/mhauss.com\\\/index.php\\\/seniors-3000\\\/#breadcrumb\",\"itemListElement\":[{\"@type\":\"ListItem\",\"position\":1,\"name\":\"Home\",\"item\":\"https:\\\/\\\/mhauss.com\\\/\"},{\"@type\":\"ListItem\",\"position\":2,\"name\":\"S\u00e9niors 3000\"}]},{\"@type\":\"WebSite\",\"@id\":\"https:\\\/\\\/mhauss.com\\\/#website\",\"url\":\"https:\\\/\\\/mhauss.com\\\/\",\"name\":\"mhauss\",\"description\":\"images fixes et anim\u00e9es, illustrations, mod\u00e9lisations et animations 3D\",\"publisher\":{\"@id\":\"https:\\\/\\\/mhauss.com\\\/#organization\"},\"potentialAction\":[{\"@type\":\"SearchAction\",\"target\":{\"@type\":\"EntryPoint\",\"urlTemplate\":\"https:\\\/\\\/mhauss.com\\\/?s={search_term_string}\"},\"query-input\":{\"@type\":\"PropertyValueSpecification\",\"valueRequired\":true,\"valueName\":\"search_term_string\"}}],\"inLanguage\":\"fr-FR\"},{\"@type\":\"Organization\",\"@id\":\"https:\\\/\\\/mhauss.com\\\/#organization\",\"name\":\"mhauss\",\"url\":\"https:\\\/\\\/mhauss.com\\\/\",\"logo\":{\"@type\":\"ImageObject\",\"inLanguage\":\"fr-FR\",\"@id\":\"https:\\\/\\\/mhauss.com\\\/#\\\/schema\\\/logo\\\/image\\\/\",\"url\":\"https:\\\/\\\/mhauss.com\\\/wp-content\\\/uploads\\\/2022\\\/12\\\/ext.jpg\",\"contentUrl\":\"https:\\\/\\\/mhauss.com\\\/wp-content\\\/uploads\\\/2022\\\/12\\\/ext.jpg\",\"width\":140,\"height\":140,\"caption\":\"mhauss\"},\"image\":{\"@id\":\"https:\\\/\\\/mhauss.com\\\/#\\\/schema\\\/logo\\\/image\\\/\"}}]}<\/script>\n<!-- \/ Yoast SEO plugin. -->","yoast_head_json":{"title":"S\u00e9niors 3000 - mhauss","robots":{"index":"index","follow":"follow","max-snippet":"max-snippet:-1","max-image-preview":"max-image-preview:large","max-video-preview":"max-video-preview:-1"},"canonical":"https:\/\/mhauss.com\/index.php\/seniors-3000\/","og_locale":"fr_FR","og_type":"article","og_title":"S\u00e9niors 3000 - mhauss","og_description":"\u00ab\u00a0S\u00e9niors 3000\u00a0\u00bb court m\u00e9trage de Julien David J\u2019ai indiqu\u00e9 les choix techniques et supervis\u00e9 2 confr\u00e8res pour la pr\u00e9paration,mod\u00e9lisations, rigging, setup des trente personnages, et j&rsquo;ai fait le Layout 3D Le Court m\u00e9trage est visible sur la chaine youtube BANG BANG","og_url":"https:\/\/mhauss.com\/index.php\/seniors-3000\/","og_site_name":"mhauss","article_modified_time":"2024-01-26T20:02:03+00:00","og_image":[{"url":"http:\/\/mhauss.com\/wp-content\/uploads\/2022\/12\/SENIORS-3000_Personnages_001_02_01-1024x576.jpg","type":"","width":"","height":""}],"twitter_card":"summary_large_image","twitter_misc":{"Dur\u00e9e de lecture estim\u00e9e":"3 minutes"},"schema":{"@context":"https:\/\/schema.org","@graph":[{"@type":"WebPage","@id":"https:\/\/mhauss.com\/index.php\/seniors-3000\/","url":"https:\/\/mhauss.com\/index.php\/seniors-3000\/","name":"S\u00e9niors 3000 - mhauss","isPartOf":{"@id":"https:\/\/mhauss.com\/#website"},"primaryImageOfPage":{"@id":"https:\/\/mhauss.com\/index.php\/seniors-3000\/#primaryimage"},"image":{"@id":"https:\/\/mhauss.com\/index.php\/seniors-3000\/#primaryimage"},"thumbnailUrl":"http:\/\/mhauss.com\/wp-content\/uploads\/2022\/12\/SENIORS-3000_Personnages_001_02_01-1024x576.jpg","datePublished":"2022-12-03T16:01:11+00:00","dateModified":"2024-01-26T20:02:03+00:00","breadcrumb":{"@id":"https:\/\/mhauss.com\/index.php\/seniors-3000\/#breadcrumb"},"inLanguage":"fr-FR","potentialAction":[{"@type":"ReadAction","target":["https:\/\/mhauss.com\/index.php\/seniors-3000\/"]}]},{"@type":"ImageObject","inLanguage":"fr-FR","@id":"https:\/\/mhauss.com\/index.php\/seniors-3000\/#primaryimage","url":"http:\/\/mhauss.com\/wp-content\/uploads\/2022\/12\/SENIORS-3000_Personnages_001_02_01-1024x576.jpg","contentUrl":"http:\/\/mhauss.com\/wp-content\/uploads\/2022\/12\/SENIORS-3000_Personnages_001_02_01-1024x576.jpg"},{"@type":"BreadcrumbList","@id":"https:\/\/mhauss.com\/index.php\/seniors-3000\/#breadcrumb","itemListElement":[{"@type":"ListItem","position":1,"name":"Home","item":"https:\/\/mhauss.com\/"},{"@type":"ListItem","position":2,"name":"S\u00e9niors 3000"}]},{"@type":"WebSite","@id":"https:\/\/mhauss.com\/#website","url":"https:\/\/mhauss.com\/","name":"mhauss","description":"images fixes et anim\u00e9es, illustrations, mod\u00e9lisations et animations 3D","publisher":{"@id":"https:\/\/mhauss.com\/#organization"},"potentialAction":[{"@type":"SearchAction","target":{"@type":"EntryPoint","urlTemplate":"https:\/\/mhauss.com\/?s={search_term_string}"},"query-input":{"@type":"PropertyValueSpecification","valueRequired":true,"valueName":"search_term_string"}}],"inLanguage":"fr-FR"},{"@type":"Organization","@id":"https:\/\/mhauss.com\/#organization","name":"mhauss","url":"https:\/\/mhauss.com\/","logo":{"@type":"ImageObject","inLanguage":"fr-FR","@id":"https:\/\/mhauss.com\/#\/schema\/logo\/image\/","url":"https:\/\/mhauss.com\/wp-content\/uploads\/2022\/12\/ext.jpg","contentUrl":"https:\/\/mhauss.com\/wp-content\/uploads\/2022\/12\/ext.jpg","width":140,"height":140,"caption":"mhauss"},"image":{"@id":"https:\/\/mhauss.com\/#\/schema\/logo\/image\/"}}]}},"_links":{"self":[{"href":"https:\/\/mhauss.com\/index.php\/wp-json\/wp\/v2\/pages\/179","targetHints":{"allow":["GET"]}}],"collection":[{"href":"https:\/\/mhauss.com\/index.php\/wp-json\/wp\/v2\/pages"}],"about":[{"href":"https:\/\/mhauss.com\/index.php\/wp-json\/wp\/v2\/types\/page"}],"author":[{"embeddable":true,"href":"https:\/\/mhauss.com\/index.php\/wp-json\/wp\/v2\/users\/1"}],"replies":[{"embeddable":true,"href":"https:\/\/mhauss.com\/index.php\/wp-json\/wp\/v2\/comments?post=179"}],"version-history":[{"count":8,"href":"https:\/\/mhauss.com\/index.php\/wp-json\/wp\/v2\/pages\/179\/revisions"}],"predecessor-version":[{"id":311,"href":"https:\/\/mhauss.com\/index.php\/wp-json\/wp\/v2\/pages\/179\/revisions\/311"}],"wp:attachment":[{"href":"https:\/\/mhauss.com\/index.php\/wp-json\/wp\/v2\/media?parent=179"}],"curies":[{"name":"wp","href":"https:\/\/api.w.org\/{rel}","templated":true}]}}