{"id":178,"date":"2022-12-03T17:01:11","date_gmt":"2022-12-03T16:01:11","guid":{"rendered":"http:\/\/mhauss.com\/?page_id=178"},"modified":"2024-01-26T21:04:32","modified_gmt":"2024-01-26T20:04:32","slug":"projet-michel-ocelot","status":"publish","type":"page","link":"https:\/\/mhauss.com\/index.php\/projet-michel-ocelot\/","title":{"rendered":"\u00ab\u00a0Le Pharaon, le Sauvage et la princesse\u00a0\u00bb de Michel Ocelot"},"content":{"rendered":"\n<p>J&rsquo;ai indiqu\u00e9 les choix techniques et supervis\u00e9 6 confr\u00e8res pour la pr\u00e9paration, <br>mod\u00e9lisations, rigging, setup des personnages, animaux et accessoires<br>une centaine de personnages sur le film \u00ab\u00a0Le Beau Sauvage\u00a0\u00bb, <br>plus de 250 personnages sur \u00ab\u00a0Princesse de Roses\u00a0\u00bb,&nbsp;second et troisi\u00e8me histoires du film de cin\u00e9ma d&rsquo;animation \u00ab\u00a0Pharaon, Le Sauvage et la Princesse\u00a0\u00bb de Michel Ocelot   <\/p>\n\n\n\n<p>Pour trouv\u00e9 un terme fran\u00e7ais \u00e0 notre travail Michel nous a propos\u00e9 \u00ab\u00a0Sculptures et M\u00e9caniques des pantins\u00a0\u00bb  <\/p>\n\n\n\n<figure class=\"wp-block-gallery has-nested-images columns-default is-cropped wp-block-gallery-1 is-layout-flex wp-block-gallery-is-layout-flex\">\n<figure class=\"wp-block-image size-large\"><img loading=\"lazy\" decoding=\"async\" width=\"1024\" height=\"425\" data-id=\"175\" src=\"https:\/\/mhauss.com\/wp-content\/uploads\/2022\/12\/mhauss_Beau-Sauvage_010_02-1024x425.jpg\" alt=\"\" class=\"wp-image-175\" srcset=\"https:\/\/mhauss.com\/wp-content\/uploads\/2022\/12\/mhauss_Beau-Sauvage_010_02-1024x425.jpg 1024w, https:\/\/mhauss.com\/wp-content\/uploads\/2022\/12\/mhauss_Beau-Sauvage_010_02-300x125.jpg 300w, https:\/\/mhauss.com\/wp-content\/uploads\/2022\/12\/mhauss_Beau-Sauvage_010_02-768x319.jpg 768w, https:\/\/mhauss.com\/wp-content\/uploads\/2022\/12\/mhauss_Beau-Sauvage_010_02-1536x638.jpg 1536w, https:\/\/mhauss.com\/wp-content\/uploads\/2022\/12\/mhauss_Beau-Sauvage_010_02-1200x498.jpg 1200w, https:\/\/mhauss.com\/wp-content\/uploads\/2022\/12\/mhauss_Beau-Sauvage_010_02-1980x822.jpg 1980w, https:\/\/mhauss.com\/wp-content\/uploads\/2022\/12\/mhauss_Beau-Sauvage_010_02.jpg 2043w\" sizes=\"auto, (max-width: 1024px) 100vw, 1024px\" \/><figcaption class=\"wp-element-caption\">Mod\u00e9lisation et setup pour le film \u00ab\u00a0Le Beau Sauvage\u00a0\u00bb second des 3 films de Michel Ocelot  \u00ab\u00a0Le Pharaon, le Sauvage et la princesse\u00a0\u00bb<\/figcaption><\/figure>\n<\/figure>\n\n\n\n<figure class=\"wp-block-image size-large\"><img loading=\"lazy\" decoding=\"async\" width=\"1024\" height=\"425\" src=\"https:\/\/mhauss.com\/wp-content\/uploads\/2022\/12\/mhauss_Princesse-des-Roses_010_02_01-1024x425.jpg\" alt=\"\" class=\"wp-image-176\" srcset=\"https:\/\/mhauss.com\/wp-content\/uploads\/2022\/12\/mhauss_Princesse-des-Roses_010_02_01-1024x425.jpg 1024w, https:\/\/mhauss.com\/wp-content\/uploads\/2022\/12\/mhauss_Princesse-des-Roses_010_02_01-300x125.jpg 300w, https:\/\/mhauss.com\/wp-content\/uploads\/2022\/12\/mhauss_Princesse-des-Roses_010_02_01-768x319.jpg 768w, https:\/\/mhauss.com\/wp-content\/uploads\/2022\/12\/mhauss_Princesse-des-Roses_010_02_01-1536x638.jpg 1536w, https:\/\/mhauss.com\/wp-content\/uploads\/2022\/12\/mhauss_Princesse-des-Roses_010_02_01-1200x498.jpg 1200w, https:\/\/mhauss.com\/wp-content\/uploads\/2022\/12\/mhauss_Princesse-des-Roses_010_02_01-1980x822.jpg 1980w, https:\/\/mhauss.com\/wp-content\/uploads\/2022\/12\/mhauss_Princesse-des-Roses_010_02_01.jpg 2043w\" sizes=\"auto, (max-width: 1024px) 100vw, 1024px\" \/><\/figure>\n\n\n\n<figure class=\"wp-block-image size-large\"><img loading=\"lazy\" decoding=\"async\" width=\"1024\" height=\"768\" src=\"https:\/\/mhauss.com\/wp-content\/uploads\/2022\/12\/IMG_20210929_115136_010-1024x768.jpg\" alt=\"\" class=\"wp-image-233\" srcset=\"https:\/\/mhauss.com\/wp-content\/uploads\/2022\/12\/IMG_20210929_115136_010-1024x768.jpg 1024w, https:\/\/mhauss.com\/wp-content\/uploads\/2022\/12\/IMG_20210929_115136_010-300x225.jpg 300w, https:\/\/mhauss.com\/wp-content\/uploads\/2022\/12\/IMG_20210929_115136_010-768x576.jpg 768w, https:\/\/mhauss.com\/wp-content\/uploads\/2022\/12\/IMG_20210929_115136_010-1536x1152.jpg 1536w, https:\/\/mhauss.com\/wp-content\/uploads\/2022\/12\/IMG_20210929_115136_010-2048x1536.jpg 2048w\" sizes=\"auto, (max-width: 1024px) 100vw, 1024px\" \/><\/figure>\n\n\n\n<p><a href=\"https:\/\/www.instagram.com\/p\/Cl-BTYXo6lQ\/?utm_source=ig_web_copy_link\" target=\"_blank\" rel=\"noreferrer noopener\">https:\/\/www.instagram.com\/p\/Cl-BTYXo6lQ\/?utm_source=ig_web_copy_link<\/a><\/p>\n","protected":false},"excerpt":{"rendered":"<p>J&rsquo;ai indiqu\u00e9 les choix techniques et supervis\u00e9 6 confr\u00e8res pour la pr\u00e9paration, mod\u00e9lisations, rigging, setup des personnages, animaux et accessoiresune centaine de personnages sur le film \u00ab\u00a0Le Beau Sauvage\u00a0\u00bb, plus de 250 personnages sur \u00ab\u00a0Princesse de Roses\u00a0\u00bb,&nbsp;second et troisi\u00e8me histoires du film de cin\u00e9ma d&rsquo;animation \u00ab\u00a0Pharaon, Le Sauvage et la Princesse\u00a0\u00bb de Michel Ocelot Pour [&hellip;]<\/p>\n","protected":false},"author":1,"featured_media":0,"parent":0,"menu_order":0,"comment_status":"closed","ping_status":"closed","template":"","meta":{"footnotes":""},"class_list":["post-178","page","type-page","status-publish","hentry"],"yoast_head":"<!-- This site is optimized with the Yoast SEO plugin v27.4 - https:\/\/yoast.com\/product\/yoast-seo-wordpress\/ -->\n<title>&quot;Le Pharaon, le Sauvage et la princesse&quot; de Michel Ocelot - mhauss<\/title>\n<meta name=\"robots\" content=\"index, follow, max-snippet:-1, max-image-preview:large, max-video-preview:-1\" \/>\n<link rel=\"canonical\" href=\"https:\/\/mhauss.com\/index.php\/projet-michel-ocelot\/\" \/>\n<meta property=\"og:locale\" content=\"fr_FR\" \/>\n<meta property=\"og:type\" content=\"article\" \/>\n<meta property=\"og:title\" content=\"&quot;Le Pharaon, le Sauvage et la princesse&quot; de Michel Ocelot - mhauss\" \/>\n<meta property=\"og:description\" content=\"J&rsquo;ai indiqu\u00e9 les choix techniques et supervis\u00e9 6 confr\u00e8res pour la pr\u00e9paration, mod\u00e9lisations, rigging, setup des personnages, animaux et accessoiresune centaine de personnages sur le film \u00ab\u00a0Le Beau Sauvage\u00a0\u00bb, plus de 250 personnages sur \u00ab\u00a0Princesse de Roses\u00a0\u00bb,&nbsp;second et troisi\u00e8me histoires du film de cin\u00e9ma d&rsquo;animation \u00ab\u00a0Pharaon, Le Sauvage et la Princesse\u00a0\u00bb de Michel Ocelot Pour [&hellip;]\" \/>\n<meta property=\"og:url\" content=\"https:\/\/mhauss.com\/index.php\/projet-michel-ocelot\/\" \/>\n<meta property=\"og:site_name\" content=\"mhauss\" \/>\n<meta property=\"article:modified_time\" content=\"2024-01-26T20:04:32+00:00\" \/>\n<meta property=\"og:image\" content=\"http:\/\/mhauss.com\/wp-content\/uploads\/2022\/12\/mhauss_Beau-Sauvage_010_02-1024x425.jpg\" \/>\n<meta name=\"twitter:card\" content=\"summary_large_image\" \/>\n<meta name=\"twitter:label1\" content=\"Dur\u00e9e de lecture estim\u00e9e\" \/>\n\t<meta name=\"twitter:data1\" content=\"2 minutes\" \/>\n<script type=\"application\/ld+json\" class=\"yoast-schema-graph\">{\"@context\":\"https:\\\/\\\/schema.org\",\"@graph\":[{\"@type\":\"WebPage\",\"@id\":\"https:\\\/\\\/mhauss.com\\\/index.php\\\/projet-michel-ocelot\\\/\",\"url\":\"https:\\\/\\\/mhauss.com\\\/index.php\\\/projet-michel-ocelot\\\/\",\"name\":\"\\\"Le Pharaon, le Sauvage et la princesse\\\" de Michel Ocelot - mhauss\",\"isPartOf\":{\"@id\":\"https:\\\/\\\/mhauss.com\\\/#website\"},\"primaryImageOfPage\":{\"@id\":\"https:\\\/\\\/mhauss.com\\\/index.php\\\/projet-michel-ocelot\\\/#primaryimage\"},\"image\":{\"@id\":\"https:\\\/\\\/mhauss.com\\\/index.php\\\/projet-michel-ocelot\\\/#primaryimage\"},\"thumbnailUrl\":\"http:\\\/\\\/mhauss.com\\\/wp-content\\\/uploads\\\/2022\\\/12\\\/mhauss_Beau-Sauvage_010_02-1024x425.jpg\",\"datePublished\":\"2022-12-03T16:01:11+00:00\",\"dateModified\":\"2024-01-26T20:04:32+00:00\",\"breadcrumb\":{\"@id\":\"https:\\\/\\\/mhauss.com\\\/index.php\\\/projet-michel-ocelot\\\/#breadcrumb\"},\"inLanguage\":\"fr-FR\",\"potentialAction\":[{\"@type\":\"ReadAction\",\"target\":[\"https:\\\/\\\/mhauss.com\\\/index.php\\\/projet-michel-ocelot\\\/\"]}]},{\"@type\":\"ImageObject\",\"inLanguage\":\"fr-FR\",\"@id\":\"https:\\\/\\\/mhauss.com\\\/index.php\\\/projet-michel-ocelot\\\/#primaryimage\",\"url\":\"http:\\\/\\\/mhauss.com\\\/wp-content\\\/uploads\\\/2022\\\/12\\\/mhauss_Beau-Sauvage_010_02-1024x425.jpg\",\"contentUrl\":\"http:\\\/\\\/mhauss.com\\\/wp-content\\\/uploads\\\/2022\\\/12\\\/mhauss_Beau-Sauvage_010_02-1024x425.jpg\"},{\"@type\":\"BreadcrumbList\",\"@id\":\"https:\\\/\\\/mhauss.com\\\/index.php\\\/projet-michel-ocelot\\\/#breadcrumb\",\"itemListElement\":[{\"@type\":\"ListItem\",\"position\":1,\"name\":\"Home\",\"item\":\"https:\\\/\\\/mhauss.com\\\/\"},{\"@type\":\"ListItem\",\"position\":2,\"name\":\"\u00ab\u00a0Le Pharaon, le Sauvage et la princesse\u00a0\u00bb de Michel Ocelot\"}]},{\"@type\":\"WebSite\",\"@id\":\"https:\\\/\\\/mhauss.com\\\/#website\",\"url\":\"https:\\\/\\\/mhauss.com\\\/\",\"name\":\"mhauss\",\"description\":\"images fixes et anim\u00e9es, illustrations, mod\u00e9lisations et animations 3D\",\"publisher\":{\"@id\":\"https:\\\/\\\/mhauss.com\\\/#organization\"},\"potentialAction\":[{\"@type\":\"SearchAction\",\"target\":{\"@type\":\"EntryPoint\",\"urlTemplate\":\"https:\\\/\\\/mhauss.com\\\/?s={search_term_string}\"},\"query-input\":{\"@type\":\"PropertyValueSpecification\",\"valueRequired\":true,\"valueName\":\"search_term_string\"}}],\"inLanguage\":\"fr-FR\"},{\"@type\":\"Organization\",\"@id\":\"https:\\\/\\\/mhauss.com\\\/#organization\",\"name\":\"mhauss\",\"url\":\"https:\\\/\\\/mhauss.com\\\/\",\"logo\":{\"@type\":\"ImageObject\",\"inLanguage\":\"fr-FR\",\"@id\":\"https:\\\/\\\/mhauss.com\\\/#\\\/schema\\\/logo\\\/image\\\/\",\"url\":\"https:\\\/\\\/mhauss.com\\\/wp-content\\\/uploads\\\/2022\\\/12\\\/ext.jpg\",\"contentUrl\":\"https:\\\/\\\/mhauss.com\\\/wp-content\\\/uploads\\\/2022\\\/12\\\/ext.jpg\",\"width\":140,\"height\":140,\"caption\":\"mhauss\"},\"image\":{\"@id\":\"https:\\\/\\\/mhauss.com\\\/#\\\/schema\\\/logo\\\/image\\\/\"}}]}<\/script>\n<!-- \/ Yoast SEO plugin. -->","yoast_head_json":{"title":"\"Le Pharaon, le Sauvage et la princesse\" de Michel Ocelot - mhauss","robots":{"index":"index","follow":"follow","max-snippet":"max-snippet:-1","max-image-preview":"max-image-preview:large","max-video-preview":"max-video-preview:-1"},"canonical":"https:\/\/mhauss.com\/index.php\/projet-michel-ocelot\/","og_locale":"fr_FR","og_type":"article","og_title":"\"Le Pharaon, le Sauvage et la princesse\" de Michel Ocelot - mhauss","og_description":"J&rsquo;ai indiqu\u00e9 les choix techniques et supervis\u00e9 6 confr\u00e8res pour la pr\u00e9paration, mod\u00e9lisations, rigging, setup des personnages, animaux et accessoiresune centaine de personnages sur le film \u00ab\u00a0Le Beau Sauvage\u00a0\u00bb, plus de 250 personnages sur \u00ab\u00a0Princesse de Roses\u00a0\u00bb,&nbsp;second et troisi\u00e8me histoires du film de cin\u00e9ma d&rsquo;animation \u00ab\u00a0Pharaon, Le Sauvage et la Princesse\u00a0\u00bb de Michel Ocelot Pour [&hellip;]","og_url":"https:\/\/mhauss.com\/index.php\/projet-michel-ocelot\/","og_site_name":"mhauss","article_modified_time":"2024-01-26T20:04:32+00:00","og_image":[{"url":"http:\/\/mhauss.com\/wp-content\/uploads\/2022\/12\/mhauss_Beau-Sauvage_010_02-1024x425.jpg","type":"","width":"","height":""}],"twitter_card":"summary_large_image","twitter_misc":{"Dur\u00e9e de lecture estim\u00e9e":"2 minutes"},"schema":{"@context":"https:\/\/schema.org","@graph":[{"@type":"WebPage","@id":"https:\/\/mhauss.com\/index.php\/projet-michel-ocelot\/","url":"https:\/\/mhauss.com\/index.php\/projet-michel-ocelot\/","name":"\"Le Pharaon, le Sauvage et la princesse\" de Michel Ocelot - mhauss","isPartOf":{"@id":"https:\/\/mhauss.com\/#website"},"primaryImageOfPage":{"@id":"https:\/\/mhauss.com\/index.php\/projet-michel-ocelot\/#primaryimage"},"image":{"@id":"https:\/\/mhauss.com\/index.php\/projet-michel-ocelot\/#primaryimage"},"thumbnailUrl":"http:\/\/mhauss.com\/wp-content\/uploads\/2022\/12\/mhauss_Beau-Sauvage_010_02-1024x425.jpg","datePublished":"2022-12-03T16:01:11+00:00","dateModified":"2024-01-26T20:04:32+00:00","breadcrumb":{"@id":"https:\/\/mhauss.com\/index.php\/projet-michel-ocelot\/#breadcrumb"},"inLanguage":"fr-FR","potentialAction":[{"@type":"ReadAction","target":["https:\/\/mhauss.com\/index.php\/projet-michel-ocelot\/"]}]},{"@type":"ImageObject","inLanguage":"fr-FR","@id":"https:\/\/mhauss.com\/index.php\/projet-michel-ocelot\/#primaryimage","url":"http:\/\/mhauss.com\/wp-content\/uploads\/2022\/12\/mhauss_Beau-Sauvage_010_02-1024x425.jpg","contentUrl":"http:\/\/mhauss.com\/wp-content\/uploads\/2022\/12\/mhauss_Beau-Sauvage_010_02-1024x425.jpg"},{"@type":"BreadcrumbList","@id":"https:\/\/mhauss.com\/index.php\/projet-michel-ocelot\/#breadcrumb","itemListElement":[{"@type":"ListItem","position":1,"name":"Home","item":"https:\/\/mhauss.com\/"},{"@type":"ListItem","position":2,"name":"\u00ab\u00a0Le Pharaon, le Sauvage et la princesse\u00a0\u00bb de Michel Ocelot"}]},{"@type":"WebSite","@id":"https:\/\/mhauss.com\/#website","url":"https:\/\/mhauss.com\/","name":"mhauss","description":"images fixes et anim\u00e9es, illustrations, mod\u00e9lisations et animations 3D","publisher":{"@id":"https:\/\/mhauss.com\/#organization"},"potentialAction":[{"@type":"SearchAction","target":{"@type":"EntryPoint","urlTemplate":"https:\/\/mhauss.com\/?s={search_term_string}"},"query-input":{"@type":"PropertyValueSpecification","valueRequired":true,"valueName":"search_term_string"}}],"inLanguage":"fr-FR"},{"@type":"Organization","@id":"https:\/\/mhauss.com\/#organization","name":"mhauss","url":"https:\/\/mhauss.com\/","logo":{"@type":"ImageObject","inLanguage":"fr-FR","@id":"https:\/\/mhauss.com\/#\/schema\/logo\/image\/","url":"https:\/\/mhauss.com\/wp-content\/uploads\/2022\/12\/ext.jpg","contentUrl":"https:\/\/mhauss.com\/wp-content\/uploads\/2022\/12\/ext.jpg","width":140,"height":140,"caption":"mhauss"},"image":{"@id":"https:\/\/mhauss.com\/#\/schema\/logo\/image\/"}}]}},"_links":{"self":[{"href":"https:\/\/mhauss.com\/index.php\/wp-json\/wp\/v2\/pages\/178","targetHints":{"allow":["GET"]}}],"collection":[{"href":"https:\/\/mhauss.com\/index.php\/wp-json\/wp\/v2\/pages"}],"about":[{"href":"https:\/\/mhauss.com\/index.php\/wp-json\/wp\/v2\/types\/page"}],"author":[{"embeddable":true,"href":"https:\/\/mhauss.com\/index.php\/wp-json\/wp\/v2\/users\/1"}],"replies":[{"embeddable":true,"href":"https:\/\/mhauss.com\/index.php\/wp-json\/wp\/v2\/comments?post=178"}],"version-history":[{"count":8,"href":"https:\/\/mhauss.com\/index.php\/wp-json\/wp\/v2\/pages\/178\/revisions"}],"predecessor-version":[{"id":313,"href":"https:\/\/mhauss.com\/index.php\/wp-json\/wp\/v2\/pages\/178\/revisions\/313"}],"wp:attachment":[{"href":"https:\/\/mhauss.com\/index.php\/wp-json\/wp\/v2\/media?parent=178"}],"curies":[{"name":"wp","href":"https:\/\/api.w.org\/{rel}","templated":true}]}}