{"id":10,"date":"2017-10-28T22:59:40","date_gmt":"2017-10-28T20:59:40","guid":{"rendered":"http:\/\/mhauss.com\/?page_id=10"},"modified":"2024-01-27T00:18:28","modified_gmt":"2024-01-26T23:18:28","slug":"a-propos-de","status":"publish","type":"page","link":"https:\/\/mhauss.com\/index.php\/a-propos-de\/","title":{"rendered":"Who is mhauss"},"content":{"rendered":"<p>mhauss\u00a0: ILLUSTRATEUR, GRAPHISTE, ANIMATEUR 3D, FORMATEUR<\/p>\n<p>manuel Hauss CV:<\/p>\n<p>1993<br \/>\nR\u00e9alisations d&rsquo;habillages et d&rsquo;animations didactiques<br \/>\n\u00e0 la Cit\u00e9 des sciences et de l\u2019industrie, Paris.<\/p>\n<p>1994<br \/>\nService militaire \u00e0 la brigade des sapeurs-pompiers de Paris,<br \/>\nau service communication et formation.<\/p>\n<p>1995 \u00e0 2003<br \/>\nModeleur 3d, animateur 3d, maquettiste et graphiste designer<br \/>\nchez Ubisoft entertainment.<\/p>\n<p>Freelance depuis 2000<\/p>\n<p>Cr\u00e9ations de personnages pour des jeux vid\u00e9o\u00a0:<br \/>\n\u00ab\u00a0Rayman 3\u00a0\u00bb , Ubisoft entertainment<br \/>\n\u00ab\u00a0Globoxs Disque\u00a0\u00bb jeux multijoueurs, Ubisoft entertainment<\/p>\n<p>Illustrations\u00a0publicitaires:<br \/>\npour Ubisoft entertainment\u00a0: Rayman3, RaymanRush, RaymanM PC, Deathrow,<br \/>\nCouverture des magasines Joystick en France et Play US<br \/>\npour Haribo et MaoaM , Ricles , Stabilo, 10Strict, Ruegg, Maisons Hanau<\/p>\n<p>R\u00e9alisations d&rsquo;habillages et animations d&rsquo;\u00e9missions t\u00e9l\u00e9vis\u00e9es\u00a0:<br \/>\n\u00ab\u00a0Les m\u00e9tiers nature\u00a0\u00bb, habillage de la s\u00e9rie documentaire de Martin Ducros ,<br \/>\n\u00ab\u00a0Mes Carnets de p\u00eaches\u00a0\u00bb, habillage de la s\u00e9rie documentaire Jour J. production,<br \/>\n\u00ab\u00a0Trobadors\u00a0\u00bb, habillage et 4 min. d\u2019animation, Documentaire de Tintin Lambert production Mosa\u00efque film, TLT.<br \/>\n\u00ab\u00a0Le Mal des Mots\u00a0\u00bb habillage et 6 min. d\u2019animation, Documentaire de Jean Vercout\u00e8re, Mosa\u00efque film, La cinq.<\/p>\n<p>R\u00e9alisations de films publicitaires\u00a0:<br \/>\n\u00ab\u00a0Spots Stabilo Frutti, Power et Scribbi\u00a0\u00bb feutres Stabilo enfants<br \/>\n\u00ab\u00a0La boutique Haribo\u00a0\u00bb Marseille<\/p>\n<p>R\u00e9alisations de vid\u00e9os projet\u00e9es pour des spectacles vivant\u00a0:<br \/>\n\u00ab\u00a0La petite Odyss\u00e9e\u00a0\u00bb 1,2 et 3 spectacles de Gr\u00e9goire Callies, TJP Strasbourg.<\/p>\n<p>R\u00e9alisations de courts m\u00e9trages\u00a0:<br \/>\n\u00ab\u00a0L&rsquo;Escargot de Marion\u00a0\u00bb, s\u00e9lectionn\u00e9 au festival d&rsquo;Annecy 2000<br \/>\n\u00ab\u00a0No\u00e9 No\u00e9\u00a0\u00bb s\u00e9lectionn\u00e9 au festival d&rsquo;Annecy 2001<\/p>\n<p>Collaborations artistiques<br \/>\navec Ilana Isehayek<br \/>\nSimulation pour une commande publique au CHU de Strasbourg,<br \/>\nConception de sculptures pour un concours pour les entr\u00e9es du parc d&rsquo;innovation de Illkirch<br \/>\navec Philippe Lepeut<br \/>\nCr\u00e9ation d&rsquo;une pi\u00e8ce en impression 3D pour l&rsquo;affiche et l&rsquo;installation \u00ab\u00a0On Air\u00a0\u00bb de l&rsquo;exposition \u00ab\u00a0Listen to the Quiet Voice\u00a0\u00bb au mus\u00e9e d&rsquo;Art contemporain de Strasbourg<\/p>\n<p>Parall\u00e8lement enseigne la \u00ab\u00a03D virtuelle\u00a0\u00bb,<br \/>\nen tant que coordinateur de la section 3D animation de l&rsquo;\u00e9cole mjm Strasbourg depuis 2000<br \/>\net intervenant \u00e0 l&rsquo;\u00e9cole sup\u00e9rieur des Arts d\u00e9coratifs de Strasbourg de 2008 \u00e0 2010.<\/p>\n<p>2010 \u00e0 2012<br \/>\nCollabore au film de cin\u00e9ma \u00ab\u00a0Couleur de peau : Miel\u00a0\u00bb, de Jung et Laurent Boileau.<br \/>\nFestival international du film d&rsquo;animation d&rsquo;Annecy\u00a02012: Prix du public et Prix Unicef<br \/>\nPr\u00e9s-production, pr\u00e9paration des environnements et d\u00e9cors, Layout, mod\u00e9lisations et setup de personnages.<\/p>\n<p>Participe actuellement \u00e0 la cr\u00e9ation du jeux vid\u00e9os \u00ab\u00a0CIBOGAME\u00a0\u00bb avec Laurent Siefer<br \/>\nMod\u00e9lisations et animations du personnage principale.<\/p>\n","protected":false},"excerpt":{"rendered":"<p>mhauss\u00a0: ILLUSTRATEUR, GRAPHISTE, ANIMATEUR 3D, FORMATEUR manuel Hauss CV: 1993 R\u00e9alisations d&rsquo;habillages et d&rsquo;animations didactiques \u00e0 la Cit\u00e9 des sciences et de l\u2019industrie, Paris. 1994 Service militaire \u00e0 la brigade des sapeurs-pompiers de Paris, au service communication et formation. 1995 \u00e0 2003 Modeleur 3d, animateur 3d, maquettiste et graphiste designer chez Ubisoft entertainment. Freelance depuis [&hellip;]<\/p>\n","protected":false},"author":1,"featured_media":36,"parent":0,"menu_order":0,"comment_status":"closed","ping_status":"closed","template":"","meta":{"footnotes":""},"class_list":["post-10","page","type-page","status-publish","has-post-thumbnail","hentry"],"yoast_head":"<!-- This site is optimized with the Yoast SEO plugin v27.4 - https:\/\/yoast.com\/product\/yoast-seo-wordpress\/ -->\n<title>Who is mhauss - mhauss<\/title>\n<meta name=\"robots\" content=\"index, follow, max-snippet:-1, max-image-preview:large, max-video-preview:-1\" \/>\n<link rel=\"canonical\" href=\"https:\/\/mhauss.com\/index.php\/a-propos-de\/\" \/>\n<meta property=\"og:locale\" content=\"fr_FR\" \/>\n<meta property=\"og:type\" content=\"article\" \/>\n<meta property=\"og:title\" content=\"Who is mhauss - mhauss\" \/>\n<meta property=\"og:description\" content=\"mhauss\u00a0: ILLUSTRATEUR, GRAPHISTE, ANIMATEUR 3D, FORMATEUR manuel Hauss CV: 1993 R\u00e9alisations d&rsquo;habillages et d&rsquo;animations didactiques \u00e0 la Cit\u00e9 des sciences et de l\u2019industrie, Paris. 1994 Service militaire \u00e0 la brigade des sapeurs-pompiers de Paris, au service communication et formation. 1995 \u00e0 2003 Modeleur 3d, animateur 3d, maquettiste et graphiste designer chez Ubisoft entertainment. Freelance depuis [&hellip;]\" \/>\n<meta property=\"og:url\" content=\"https:\/\/mhauss.com\/index.php\/a-propos-de\/\" \/>\n<meta property=\"og:site_name\" content=\"mhauss\" \/>\n<meta property=\"article:modified_time\" content=\"2024-01-26T23:18:28+00:00\" \/>\n<meta property=\"og:image\" content=\"https:\/\/mhauss.com\/wp-content\/uploads\/2017\/10\/mhauss_PtitPois_00_03.jpg\" \/>\n\t<meta property=\"og:image:width\" content=\"1000\" \/>\n\t<meta property=\"og:image:height\" content=\"499\" \/>\n\t<meta property=\"og:image:type\" content=\"image\/jpeg\" \/>\n<meta name=\"twitter:card\" content=\"summary_large_image\" \/>\n<meta name=\"twitter:label1\" content=\"Dur\u00e9e de lecture estim\u00e9e\" \/>\n\t<meta name=\"twitter:data1\" content=\"2 minutes\" \/>\n<script type=\"application\/ld+json\" class=\"yoast-schema-graph\">{\"@context\":\"https:\\\/\\\/schema.org\",\"@graph\":[{\"@type\":\"WebPage\",\"@id\":\"https:\\\/\\\/mhauss.com\\\/index.php\\\/a-propos-de\\\/\",\"url\":\"https:\\\/\\\/mhauss.com\\\/index.php\\\/a-propos-de\\\/\",\"name\":\"Who is mhauss - mhauss\",\"isPartOf\":{\"@id\":\"https:\\\/\\\/mhauss.com\\\/#website\"},\"primaryImageOfPage\":{\"@id\":\"https:\\\/\\\/mhauss.com\\\/index.php\\\/a-propos-de\\\/#primaryimage\"},\"image\":{\"@id\":\"https:\\\/\\\/mhauss.com\\\/index.php\\\/a-propos-de\\\/#primaryimage\"},\"thumbnailUrl\":\"https:\\\/\\\/mhauss.com\\\/wp-content\\\/uploads\\\/2017\\\/10\\\/mhauss_PtitPois_00_03.jpg\",\"datePublished\":\"2017-10-28T20:59:40+00:00\",\"dateModified\":\"2024-01-26T23:18:28+00:00\",\"breadcrumb\":{\"@id\":\"https:\\\/\\\/mhauss.com\\\/index.php\\\/a-propos-de\\\/#breadcrumb\"},\"inLanguage\":\"fr-FR\",\"potentialAction\":[{\"@type\":\"ReadAction\",\"target\":[\"https:\\\/\\\/mhauss.com\\\/index.php\\\/a-propos-de\\\/\"]}]},{\"@type\":\"ImageObject\",\"inLanguage\":\"fr-FR\",\"@id\":\"https:\\\/\\\/mhauss.com\\\/index.php\\\/a-propos-de\\\/#primaryimage\",\"url\":\"https:\\\/\\\/mhauss.com\\\/wp-content\\\/uploads\\\/2017\\\/10\\\/mhauss_PtitPois_00_03.jpg\",\"contentUrl\":\"https:\\\/\\\/mhauss.com\\\/wp-content\\\/uploads\\\/2017\\\/10\\\/mhauss_PtitPois_00_03.jpg\",\"width\":1000,\"height\":499},{\"@type\":\"BreadcrumbList\",\"@id\":\"https:\\\/\\\/mhauss.com\\\/index.php\\\/a-propos-de\\\/#breadcrumb\",\"itemListElement\":[{\"@type\":\"ListItem\",\"position\":1,\"name\":\"Home\",\"item\":\"https:\\\/\\\/mhauss.com\\\/\"},{\"@type\":\"ListItem\",\"position\":2,\"name\":\"Who is mhauss\"}]},{\"@type\":\"WebSite\",\"@id\":\"https:\\\/\\\/mhauss.com\\\/#website\",\"url\":\"https:\\\/\\\/mhauss.com\\\/\",\"name\":\"mhauss\",\"description\":\"images fixes et anim\u00e9es, illustrations, mod\u00e9lisations et animations 3D\",\"publisher\":{\"@id\":\"https:\\\/\\\/mhauss.com\\\/#organization\"},\"potentialAction\":[{\"@type\":\"SearchAction\",\"target\":{\"@type\":\"EntryPoint\",\"urlTemplate\":\"https:\\\/\\\/mhauss.com\\\/?s={search_term_string}\"},\"query-input\":{\"@type\":\"PropertyValueSpecification\",\"valueRequired\":true,\"valueName\":\"search_term_string\"}}],\"inLanguage\":\"fr-FR\"},{\"@type\":\"Organization\",\"@id\":\"https:\\\/\\\/mhauss.com\\\/#organization\",\"name\":\"mhauss\",\"url\":\"https:\\\/\\\/mhauss.com\\\/\",\"logo\":{\"@type\":\"ImageObject\",\"inLanguage\":\"fr-FR\",\"@id\":\"https:\\\/\\\/mhauss.com\\\/#\\\/schema\\\/logo\\\/image\\\/\",\"url\":\"https:\\\/\\\/mhauss.com\\\/wp-content\\\/uploads\\\/2022\\\/12\\\/ext.jpg\",\"contentUrl\":\"https:\\\/\\\/mhauss.com\\\/wp-content\\\/uploads\\\/2022\\\/12\\\/ext.jpg\",\"width\":140,\"height\":140,\"caption\":\"mhauss\"},\"image\":{\"@id\":\"https:\\\/\\\/mhauss.com\\\/#\\\/schema\\\/logo\\\/image\\\/\"}}]}<\/script>\n<!-- \/ Yoast SEO plugin. -->","yoast_head_json":{"title":"Who is mhauss - mhauss","robots":{"index":"index","follow":"follow","max-snippet":"max-snippet:-1","max-image-preview":"max-image-preview:large","max-video-preview":"max-video-preview:-1"},"canonical":"https:\/\/mhauss.com\/index.php\/a-propos-de\/","og_locale":"fr_FR","og_type":"article","og_title":"Who is mhauss - mhauss","og_description":"mhauss\u00a0: ILLUSTRATEUR, GRAPHISTE, ANIMATEUR 3D, FORMATEUR manuel Hauss CV: 1993 R\u00e9alisations d&rsquo;habillages et d&rsquo;animations didactiques \u00e0 la Cit\u00e9 des sciences et de l\u2019industrie, Paris. 1994 Service militaire \u00e0 la brigade des sapeurs-pompiers de Paris, au service communication et formation. 1995 \u00e0 2003 Modeleur 3d, animateur 3d, maquettiste et graphiste designer chez Ubisoft entertainment. Freelance depuis [&hellip;]","og_url":"https:\/\/mhauss.com\/index.php\/a-propos-de\/","og_site_name":"mhauss","article_modified_time":"2024-01-26T23:18:28+00:00","og_image":[{"width":1000,"height":499,"url":"https:\/\/mhauss.com\/wp-content\/uploads\/2017\/10\/mhauss_PtitPois_00_03.jpg","type":"image\/jpeg"}],"twitter_card":"summary_large_image","twitter_misc":{"Dur\u00e9e de lecture estim\u00e9e":"2 minutes"},"schema":{"@context":"https:\/\/schema.org","@graph":[{"@type":"WebPage","@id":"https:\/\/mhauss.com\/index.php\/a-propos-de\/","url":"https:\/\/mhauss.com\/index.php\/a-propos-de\/","name":"Who is mhauss - mhauss","isPartOf":{"@id":"https:\/\/mhauss.com\/#website"},"primaryImageOfPage":{"@id":"https:\/\/mhauss.com\/index.php\/a-propos-de\/#primaryimage"},"image":{"@id":"https:\/\/mhauss.com\/index.php\/a-propos-de\/#primaryimage"},"thumbnailUrl":"https:\/\/mhauss.com\/wp-content\/uploads\/2017\/10\/mhauss_PtitPois_00_03.jpg","datePublished":"2017-10-28T20:59:40+00:00","dateModified":"2024-01-26T23:18:28+00:00","breadcrumb":{"@id":"https:\/\/mhauss.com\/index.php\/a-propos-de\/#breadcrumb"},"inLanguage":"fr-FR","potentialAction":[{"@type":"ReadAction","target":["https:\/\/mhauss.com\/index.php\/a-propos-de\/"]}]},{"@type":"ImageObject","inLanguage":"fr-FR","@id":"https:\/\/mhauss.com\/index.php\/a-propos-de\/#primaryimage","url":"https:\/\/mhauss.com\/wp-content\/uploads\/2017\/10\/mhauss_PtitPois_00_03.jpg","contentUrl":"https:\/\/mhauss.com\/wp-content\/uploads\/2017\/10\/mhauss_PtitPois_00_03.jpg","width":1000,"height":499},{"@type":"BreadcrumbList","@id":"https:\/\/mhauss.com\/index.php\/a-propos-de\/#breadcrumb","itemListElement":[{"@type":"ListItem","position":1,"name":"Home","item":"https:\/\/mhauss.com\/"},{"@type":"ListItem","position":2,"name":"Who is mhauss"}]},{"@type":"WebSite","@id":"https:\/\/mhauss.com\/#website","url":"https:\/\/mhauss.com\/","name":"mhauss","description":"images fixes et anim\u00e9es, illustrations, mod\u00e9lisations et animations 3D","publisher":{"@id":"https:\/\/mhauss.com\/#organization"},"potentialAction":[{"@type":"SearchAction","target":{"@type":"EntryPoint","urlTemplate":"https:\/\/mhauss.com\/?s={search_term_string}"},"query-input":{"@type":"PropertyValueSpecification","valueRequired":true,"valueName":"search_term_string"}}],"inLanguage":"fr-FR"},{"@type":"Organization","@id":"https:\/\/mhauss.com\/#organization","name":"mhauss","url":"https:\/\/mhauss.com\/","logo":{"@type":"ImageObject","inLanguage":"fr-FR","@id":"https:\/\/mhauss.com\/#\/schema\/logo\/image\/","url":"https:\/\/mhauss.com\/wp-content\/uploads\/2022\/12\/ext.jpg","contentUrl":"https:\/\/mhauss.com\/wp-content\/uploads\/2022\/12\/ext.jpg","width":140,"height":140,"caption":"mhauss"},"image":{"@id":"https:\/\/mhauss.com\/#\/schema\/logo\/image\/"}}]}},"_links":{"self":[{"href":"https:\/\/mhauss.com\/index.php\/wp-json\/wp\/v2\/pages\/10","targetHints":{"allow":["GET"]}}],"collection":[{"href":"https:\/\/mhauss.com\/index.php\/wp-json\/wp\/v2\/pages"}],"about":[{"href":"https:\/\/mhauss.com\/index.php\/wp-json\/wp\/v2\/types\/page"}],"author":[{"embeddable":true,"href":"https:\/\/mhauss.com\/index.php\/wp-json\/wp\/v2\/users\/1"}],"replies":[{"embeddable":true,"href":"https:\/\/mhauss.com\/index.php\/wp-json\/wp\/v2\/comments?post=10"}],"version-history":[{"count":7,"href":"https:\/\/mhauss.com\/index.php\/wp-json\/wp\/v2\/pages\/10\/revisions"}],"predecessor-version":[{"id":345,"href":"https:\/\/mhauss.com\/index.php\/wp-json\/wp\/v2\/pages\/10\/revisions\/345"}],"wp:featuredmedia":[{"embeddable":true,"href":"https:\/\/mhauss.com\/index.php\/wp-json\/wp\/v2\/media\/36"}],"wp:attachment":[{"href":"https:\/\/mhauss.com\/index.php\/wp-json\/wp\/v2\/media?parent=10"}],"curies":[{"name":"wp","href":"https:\/\/api.w.org\/{rel}","templated":true}]}}